{"id":780,"date":"2022-01-10T11:53:37","date_gmt":"2022-01-10T11:53:37","guid":{"rendered":"https:\/\/campingartieserayerla.com\/activites\/"},"modified":"2022-05-24T12:07:40","modified_gmt":"2022-05-24T12:07:40","slug":"activites","status":"publish","type":"page","link":"https:\/\/campingartieserayerla.com\/fr\/activites\/","title":{"rendered":""},"content":{"rendered":"<p>La Val d&rsquo;Aran nous offre des plusieurs possibilit\u00e9s pour la pratique de tout type d&rsquo;activit\u00e9s autant en \u00e9t\u00e9 comme en hiver.<\/p>\n<p>On peut effectuer des sports d\u2019aventure, randon\u00e9es et excursions, routes culturelles, bains thermals&#8230; Et jouir aussi d&rsquo;activit\u00e9s vari\u00e9es en rapport avec la neige.<\/p>\n<p>Ski alpin et nordique, ski de montagne, raquettes de neige, motos de neige&#8230;<\/p>\n","protected":false},"excerpt":{"rendered":"<p>La Val d&rsquo;Aran nous offre des plusieurs possibilit\u00e9s pour la pratique de tout type d&rsquo;activit\u00e9s autant en \u00e9t\u00e9 comme en hiver. On peut effectuer des sports d\u2019aventure, randon\u00e9es et excursions, routes culturelles, bains thermals&#8230; Et jouir aussi d&rsquo;activit\u00e9s vari\u00e9es en rapport avec la neige. Ski alpin et nordique, ski de montagne, raquettes de neige, motos [&hellip;]<\/p>\n","protected":false},"author":1,"featured_media":545,"parent":0,"menu_order":0,"comment_status":"closed","ping_status":"closed","template":"","meta":{"footnotes":""},"class_list":["post-780","page","type-page","status-publish","has-post-thumbnail","hentry"],"_links":{"self":[{"href":"https:\/\/campingartieserayerla.com\/fr\/wp-json\/wp\/v2\/pages\/780","targetHints":{"allow":["GET"]}}],"collection":[{"href":"https:\/\/campingartieserayerla.com\/fr\/wp-json\/wp\/v2\/pages"}],"about":[{"href":"https:\/\/campingartieserayerla.com\/fr\/wp-json\/wp\/v2\/types\/page"}],"author":[{"embeddable":true,"href":"https:\/\/campingartieserayerla.com\/fr\/wp-json\/wp\/v2\/users\/1"}],"replies":[{"embeddable":true,"href":"https:\/\/campingartieserayerla.com\/fr\/wp-json\/wp\/v2\/comments?post=780"}],"version-history":[{"count":4,"href":"https:\/\/campingartieserayerla.com\/fr\/wp-json\/wp\/v2\/pages\/780\/revisions"}],"predecessor-version":[{"id":1492,"href":"https:\/\/campingartieserayerla.com\/fr\/wp-json\/wp\/v2\/pages\/780\/revisions\/1492"}],"wp:featuredmedia":[{"embeddable":true,"href":"https:\/\/campingartieserayerla.com\/fr\/wp-json\/wp\/v2\/media\/545"}],"wp:attachment":[{"href":"https:\/\/campingartieserayerla.com\/fr\/wp-json\/wp\/v2\/media?parent=780"}],"curies":[{"name":"wp","href":"https:\/\/api.w.org\/{rel}","templated":true}]}}