{"id":1282,"date":"2022-04-29T12:26:52","date_gmt":"2022-04-29T12:26:52","guid":{"rendered":"https:\/\/campingartieserayerla.com\/cookies-policy\/"},"modified":"2022-04-29T12:29:24","modified_gmt":"2022-04-29T12:29:24","slug":"politique-de-cookies","status":"publish","type":"page","link":"https:\/\/campingartieserayerla.com\/fr\/politique-de-cookies\/","title":{"rendered":"Politique de cookies"},"content":{"rendered":"<p>Apr\u00e8s un audit effectu\u00e9 pour l&rsquo;information sur les Cookies utilis\u00e9s sur ce site, nous vous informons :<\/p>\n<p><strong>NOTRE POLITIQUE EN MATI\u00c8RE DE COOKIES<\/strong><\/p>\n<p>La LSSI-CE oblige tous ceux qui ont un blog ou un site web \u00e0 <strong>avertir l&rsquo;utilisateur de l&rsquo;existence de cookies, \u00e0 les signaler et \u00e0 demander l&rsquo;autorisation de les t\u00e9l\u00e9charger.<\/strong><\/p>\n<p>Suivant les dispositions de l&rsquo;art. 22.2 de la loi 34\/2002 <em>. \u00ab Les prestataires de services peuvent utiliser des dispositifs de stockage et de r\u00e9cup\u00e9ration de donn\u00e9es dans les \u00e9quipements terminaux des destinataires, \u00e0 condition <\/em><strong>qu&rsquo;ils aient donn\u00e9 leur consentement apr\u00e8s avoir re\u00e7u des informations claires et compl\u00e8tes sur leur utilisation <\/strong><em>, notamment sur les finalit\u00e9s du traitement des donn\u00e9es, conform\u00e9ment aux avec les dispositions de la loi organique 15\/1999, du 13 d\u00e9cembre, sur la protection des donn\u00e9es personnelles \u00bb.<\/em><\/p>\n<p>Vous devez \u00eatre conscient que compte tenu du fonctionnement d&rsquo;Internet et des sites Internet, il n&rsquo;est pas toujours possible d&rsquo;avoir des informations \u00e0 jour sur les cookies que des tiers peuvent utiliser via ce site Internet.<\/p>\n<p>Cela s&rsquo;applique en particulier aux cas o\u00f9 cette page Web contient des \u00e9l\u00e9ments int\u00e9gr\u00e9s\u00a0: c&rsquo;est-\u00e0-dire des textes, des documents, des images ou des courts m\u00e9trages qui sont stock\u00e9s ailleurs, mais qui sont affich\u00e9s sur notre site Web.<\/p>\n<p>Par cons\u00e9quent, si vous rencontrez ce type de cookies sur ce site Web et qu&rsquo;ils ne figurent pas dans la liste suivante, veuillez m&rsquo;en informer. Vous pouvez \u00e9galement contacter directement le tiers pour demander des informations sur les cookies qu&rsquo;il place, le but et la dur\u00e9e du cookie, et comment il a garanti <u><a href=\"https:\/\/campingartieserayerla.com\/es\/politica-de-privacidad\/\">la politique de confidentialit\u00e9 <\/a><\/u>. Votre consentement s&rsquo;applique aux domaines suivants\u00a0: campingartieserayerla.com [ user_consent_state ]<\/p>\n<p><strong>Pr\u00e9c\u00e9dent.- Que sont les cookies ?<\/strong><\/p>\n<p>Les cookies sont un outil utilis\u00e9 par les serveurs Web pour stocker et r\u00e9cup\u00e9rer des informations sur leurs visiteurs. Ce n&rsquo;est rien de plus qu&rsquo;un fichier texte que certains serveurs demandent \u00e0 notre navigateur d&rsquo;\u00e9crire sur notre disque dur, avec des informations sur ce que nous avons fait sur leurs pages. Ils ont une date d&rsquo;expiration, qui peut aller de la dur\u00e9e de la session \u00e0 une date future sp\u00e9cifi\u00e9e, apr\u00e8s laquelle ils ne sont plus op\u00e9rationnels.<\/p>\n<ol>\n<li>Les cookies utilis\u00e9s par ce site<\/li>\n<\/ol>\n<p>Ce site Web utilise <strong>ses propres cookies et ceux de tiers <\/strong>pour vous garantir une meilleure exp\u00e9rience de navigation, vous pouvez partager du contenu sur les r\u00e9seaux sociaux, vous montrer des publicit\u00e9s en fonction de vos centres d&rsquo;int\u00e9r\u00eat et obtenir des statistiques sur les utilisateurs.<\/p>\n<p>Pour cette raison, les cookies utilis\u00e9s dans <strong>https:\/\/campingartieserayerla.com <\/strong>sont uniquement associ\u00e9s \u00e0 un Utilisateur anonyme et \u00e0 son ordinateur, ils ne fournissent pas de r\u00e9f\u00e9rences permettant de d\u00e9duire le nom et le pr\u00e9nom de l&rsquo;Utilisateur et ils ne peuvent pas lire les donn\u00e9es de son disque dur. ou inclure des virus dans vos textes. De m\u00eame, <strong>https:\/\/campingartieserayerla.com <\/strong>ne peut pas lire les cookies implant\u00e9s sur le disque dur de l&rsquo;Utilisateur depuis d&rsquo;autres serveurs.<\/p>\n<p>L&rsquo;utilisateur peut librement d\u00e9cider d&rsquo;installer ou non les cookies utilis\u00e9s sur <strong>https:\/\/campingartieserayerla.com sur son disque dur.En <\/strong>ce sens, l&rsquo;utilisateur peut configurer son navigateur pour accepter ou refuser tous les cookies par d\u00e9faut ou pour recevoir un On- vous avertir de la r\u00e9ception de chaque cookie et d\u00e9cider \u00e0 ce moment-l\u00e0 de l&rsquo;implanter ou non sur votre disque dur. Pour ce faire, nous vous sugg\u00e9rons de consulter la section d&rsquo;aide de votre navigateur pour savoir comment modifier les param\u00e8tres que vous utilisez actuellement. Aun cuando el Usuario configurase su navegador para rechazar todas las cookies o rechazase expresamente las cookies de <strong>https:\/\/campingartieserayerla.com <\/strong>podr\u00e1s navegar por el Portal con el \u00fanico inconveniente de no poder disfrutar de las funcionalidades del Portal que requieran la instalaci\u00f3n de alguna de elles. Dans tous les cas, l&rsquo;Utilisateur peut \u00e0 tout moment supprimer les cookies implant\u00e9s sur son disque dur, en suivant la proc\u00e9dure \u00e9tablie dans la rubrique d&rsquo;aide de son navigateur et que nous d\u00e9taillerons ult\u00e9rieurement.<\/p>\n<p>En tant qu&rsquo;utilisateur que vous \u00eates, vous pouvez vous opposer au traitement de donn\u00e9es ou d&rsquo;informations en bloquant ces cookies via la configuration appropri\u00e9e de votre navigateur. Cependant, vous devez savoir que si vous le faites, ce site pourrait ne pas fonctionner correctement.<\/p>\n<p>Selon les termes inclus dans l&rsquo;article 22.2 de la loi 34\/2002 sur les services de la soci\u00e9t\u00e9 de l&rsquo;information et du commerce \u00e9lectronique, si vous continuez \u00e0 naviguer <strong>, vous donnerez votre consentement <\/strong>pour l&rsquo;utilisation des cookies d\u00e9taill\u00e9s ci-dessous.<\/p>\n<p>Les cookies de ce site Web aident :<\/p>\n<ul>\n<li>Faire fonctionner ce site Web correctement<\/li>\n<li>Vous \u00e9vite d&rsquo;avoir \u00e0 vous connecter \u00e0 chaque fois que vous visitez ce site<\/li>\n<li>Vous rappeler vos param\u00e8tres pendant et entre les visites<\/li>\n<li>Permet de regarder des vid\u00e9os<\/li>\n<li>Am\u00e9liorer la vitesse\/la s\u00e9curit\u00e9 du site<\/li>\n<li>Que vous pouvez partager des pages avec les r\u00e9seaux sociaux<\/li>\n<li>Am\u00e9lioration continue de ce site<\/li>\n<li>Vous montrer des publicit\u00e9s en fonction de vos habitudes de navigation<\/li>\n<\/ul>\n<p><strong>Je n&rsquo;utiliserai jamais de cookies pour :<\/strong><\/p>\n<ul>\n<li>Recueillir des informations personnellement identifiables (sans votre autorisation expresse)<\/li>\n<li>Collecter des informations sensibles (sans votre autorisation expresse)<\/li>\n<li>Partage de donn\u00e9es personnellement identifiables \u00e0 des tiers<\/li>\n<\/ul>\n<ol start=\"2\">\n<li>Les cookies tiers que nous utilisons sur ce site Web et dont vous devez \u00eatre conscient<\/li>\n<\/ol>\n<p>Ce site Web, comme la plupart des sites Web, comprend des fonctionnalit\u00e9s fournies par des tiers.<\/p>\n<p>De nouvelles conceptions ou des services tiers sont \u00e9galement r\u00e9guli\u00e8rement test\u00e9s pour des recommandations et des rapports.<\/p>\n<p>Cela peut occasionnellement modifier les param\u00e8tres des cookies et faire appara\u00eetre des cookies non d\u00e9taill\u00e9s dans cette politique. Il est important que vous sachiez qu&rsquo;il s&rsquo;agit de cookies provisoires qu&rsquo;il n&rsquo;est pas toujours possible d&rsquo;informer et qu&rsquo;ils sont uniquement \u00e0 des fins d&rsquo;\u00e9tude et d&rsquo;\u00e9valuation. En aucun cas, des cookies ne seront utilis\u00e9s qui compromettent votre vie priv\u00e9e.<\/p>\n<p>Parmi les cookies tiers les plus stables figurent :<\/p>\n<ul>\n<li><strong>Ceux g\u00e9n\u00e9r\u00e9s par les services d&rsquo;analyse, en <\/strong>particulier Google Analytics pour aider le site Web \u00e0 analyser l&rsquo;utilisation faite par les utilisateurs du site Web et \u00e0 am\u00e9liorer sa convivialit\u00e9, mais en aucun cas ils ne sont associ\u00e9s \u00e0 des donn\u00e9es permettant d&rsquo;identifier l&rsquo;utilisateur.<\/li>\n<\/ul>\n<p>Google Analytics est un service d&rsquo;analyse Web fourni par Google, Inc., une soci\u00e9t\u00e9 du Delaware dont le si\u00e8ge social est situ\u00e9 au 1600 Amphitheatre Parkway , Mountain View (Californie), CA 94043, \u00c9tats-Unis (\u00ab\u00a0Google\u00a0\u00bb).<\/p>\n<p>L&rsquo;utilisateur peut v\u00e9rifier <u><a href=\"https:\/\/www.google.es\/intl\/es\/policies\/technologies\/types\/\">ici <\/a><\/u>le type de cookies utilis\u00e9s par Google. Cookies Google+ et Google Maps , selon les dispositions de leur page concernant le <u><a href=\"http:\/\/www.google.com\/intl\/es\/policies\/technologies\/types\/\">type de cookies qu&rsquo;ils utilisent <\/a><\/u>.<\/p>\n<p>De m\u00eame, nous utilisons parfois des cookies g\u00e9n\u00e9r\u00e9s par le syst\u00e8me de suivi d&rsquo;Active Campaign LLC, une soci\u00e9t\u00e9 abonn\u00e9e au Privacy Shield , pour analyser comment nos abonn\u00e9s utilisent le site Web et am\u00e9liorer leur exp\u00e9rience. Vous pouvez prendre connaissance de la politique de confidentialit\u00e9 de cette plateforme <u><a href=\"https:\/\/www.activecampaign.com\/privacy-policy\/\">ici.<\/a><\/u><\/p>\n<ul>\n<li><strong>WordPress : <\/strong>est un utilisateur de la plateforme de fourniture et d&rsquo;h\u00e9bergement de blogs WordPress , propri\u00e9t\u00e9 de la soci\u00e9t\u00e9 nord-am\u00e9ricaine Automattic , Inc. \u00c0 cette fin, l&rsquo;utilisation de ces cookies par les syst\u00e8mes n&rsquo;est jamais sous le contr\u00f4le ou la gestion de la personne responsable du site Web , ils peuvent \u00e0 tout moment modifier leur fonction et saisir de nouveaux cookies.<\/li>\n<\/ul>\n<p>Ces cookies ne rapportent aucun avantage \u00e0 la personne responsable de ce site Web. Automattic , Inc., utilise \u00e9galement d&rsquo;autres cookies afin d&rsquo;aider \u00e0 identifier et \u00e0 suivre les visiteurs des sites WordPress , en savoir plus sur leur utilisation du site Web Automattic , ainsi que leurs pr\u00e9f\u00e9rences d&rsquo;acc\u00e8s, telles qu&rsquo;elles sont collect\u00e9es dans la section \u00ab\u00a0Cookies\u00a0\u00bb de son politique de confidentialit\u00e9.<\/p>\n<ul>\n<li><strong>Cookies de r\u00e9seaux sociaux : Les <\/strong>cookies de r\u00e9seaux sociaux peuvent \u00eatre stock\u00e9s dans votre navigateur pendant que vous naviguez sur le Web ou lorsque vous utilisez le bouton de partage de contenu abcoach.com sur n&rsquo;importe quel r\u00e9seau social.<\/li>\n<\/ul>\n<p>Les soci\u00e9t\u00e9s qui g\u00e9n\u00e8rent ces cookies correspondant aux r\u00e9seaux sociaux utilis\u00e9s par ce site ont leurs propres politiques en mati\u00e8re de cookies :<\/p>\n<ul>\n<li>Cookie Twitter, tel que pr\u00e9vu dans sa <u><a href=\"https:\/\/twitter.com\/privacy\">politique de confidentialit\u00e9 et d&rsquo;utilisation des cookies <\/a><\/u>.<\/li>\n<li>Cookie Linkedin , conform\u00e9ment aux dispositions de sa <u><a href=\"https:\/\/www.linkedin.com\/legal\/cookie-policy?trk=hp-cookies\">politique de cookies<\/a><\/u><\/li>\n<li>Cookie de Facebook, conform\u00e9ment aux dispositions de sa <u><a href=\"https:\/\/www.facebook.com\/help\/cookies?ref_type=sitefooter\">politique de cookies<\/a><\/u><\/li>\n<li>Cookie Youtube , conform\u00e9ment aux dispositions de sa <u><a href=\"https:\/\/www.google.es\/intl\/es\/policies\/technologies\/cookies\/\">politique de cookies<\/a><\/u><\/li>\n<\/ul>\n<p>Les implications en mati\u00e8re de confidentialit\u00e9 seront bas\u00e9es sur chaque r\u00e9seau social et d\u00e9pendront des param\u00e8tres de confidentialit\u00e9 que vous avez choisis sur ces r\u00e9seaux. En aucun cas, ni le responsable de ce site ni les annonceurs ne peuvent obtenir d&rsquo;informations personnellement identifiables \u00e0 partir de ces cookies.<\/p>\n<p>Ci-dessous, et comme l&rsquo;exige l&rsquo;article 22.2 de la LSSI, sont d\u00e9taill\u00e9s les cookies pouvant \u00eatre install\u00e9s r\u00e9guli\u00e8rement lors de la navigation sur ce site :<\/p>\n<table>\n<tbody>\n<tr>\n<td><strong>NOM<\/strong><\/td>\n<td><strong>DUR\u00c9E<\/strong><\/td>\n<td><strong>BUT<\/strong><\/td>\n<\/tr>\n<tr>\n<td>:<br \/>\nSession tve_leads_unique<\/td>\n<td>Expire \u00e0 la fin de la<br \/>\nsession<\/td>\n<td>Ils stockent<br \/>\nles informations des utilisateurs et leurs sessions pour am\u00e9liorer l&rsquo;exp\u00e9rience utilisateur<\/td>\n<\/tr>\n<tr>\n<td>_ga<br \/>\npersistant tiers<\/td>\n<td>2 ans \u00e0 compter<br \/>\nde la configuration<\/td>\n<td>Il est utilis\u00e9 pour<br \/>\ndistinguer les utilisateurs. Il s&rsquo;agit d&rsquo;un cookie appartenant \u00e0 Google<br \/>\nAnalytics . <u><a href=\"https:\/\/www.google.com\/intl\/es\/policies\/\">Plus <\/a><br \/>\n<a href=\"https:\/\/www.google.com\/intl\/es\/policies\/\">d&rsquo;informations<\/a><\/u><\/td>\n<\/tr>\n<tr>\n<td>_gat tiers<br \/>\npersistant<\/td>\n<td>10 minutes<\/td>\n<td>Il sert \u00e0 conna\u00eetre le<br \/>\ntaux de recharge. Il s&rsquo;agit d&rsquo;un cookie appartenant \u00e0 Google Analytics .<br \/>\n<u><a href=\"https:\/\/www.google.com\/intl\/es\/policies\/\">Plus <\/a><br \/>\n<a href=\"https:\/\/www.google.com\/intl\/es\/policies\/\">d&rsquo;informations<\/a><\/u><\/td>\n<\/tr>\n<tr>\n<td>Tiers persistants __ utma<\/td>\n<td>2 ans \u00e0 compter de<br \/>\nchaque mise \u00e0 jour<\/td>\n<td>Ce cookie est g\u00e9n\u00e9ralement<br \/>\ninstall\u00e9 lors de la premi\u00e8re visite. Si le cookie est supprim\u00e9 manuellement, il sera r\u00e9install\u00e9 lors de la prochaine visite avec un nouvel identifiant. Dans la plupart des cas, ce cookie est utilis\u00e9 pour d\u00e9terminer les visiteurs uniques de notre site et est mis \u00e0 jour \u00e0 chaque consultation de page. De plus, ce cookie poss\u00e8de un identifiant Google Analytics unique qui garantit<br \/>\n\u00e0 la fois sa validit\u00e9 et son accessibilit\u00e9 en tant que mesure de s\u00e9curit\u00e9 suppl\u00e9mentaire. <u><a href=\"https:\/\/www.google.com\/intl\/es\/policies\/\">Plus <\/a><br \/>\n<a href=\"https:\/\/www.google.com\/intl\/es\/policies\/\">d&rsquo;informations<\/a><\/u><\/td>\n<\/tr>\n<tr>\n<td>Tiers persistant<br \/>\n__ utmb<\/td>\n<td>2 ans \u00e0 compter de<br \/>\nchaque mise \u00e0 jour<\/td>\n<td>Ce cookie est<br \/>\nutilis\u00e9 pour \u00e9tablir et poursuivre une session utilisateur sur notre site. Lorsqu&rsquo;un utilisateur visite une page de notre site, le code Google Analytics tente de mettre \u00e0<br \/>\njour ce cookie. S&rsquo;il ne trouve pas le cookie, il en cr\u00e9era<br \/>\nun nouveau. Chaque fois que l&rsquo;utilisateur visite une<br \/>\npage diff\u00e9rente, ce cookie est mis \u00e0 jour pour expirer apr\u00e8s 30 minutes, continuant ainsi \u00e0 trouver une seule session \u00e0 des intervalles de 30 minutes. Ce cookie expire lorsqu&rsquo;un utilisateur cesse de visiter notre site pendant une p\u00e9riode de 30 minutes.<br \/>\n<u><a href=\"https:\/\/www.google.com\/intl\/es\/policies\/\">Plus <\/a><br \/>\n<a href=\"https:\/\/www.google.com\/intl\/es\/policies\/\">d&rsquo;informations<\/a><\/u><\/td>\n<\/tr>\n<tr>\n<td>tiers persistant<br \/>\n, HSID, NID, SAPISID, SID, SSID<\/td>\n<td>2 ans \u00e0 compter de<br \/>\nl&rsquo;installation<\/td>\n<td>pr\u00e9f\u00e9rences de l&rsquo;utilisateur<br \/>\net d&rsquo;autres informations sur les services Google dont dispose l&rsquo;utilisateur. <u><a href=\"https:\/\/www.google.com\/policies\/privacy\/\">Plus <\/a><br \/>\n<a href=\"https:\/\/www.google.com\/policies\/privacy\/\">d&rsquo;informations<\/a><\/u><\/td>\n<\/tr>\n<tr>\n<td>Tiers persistant<br \/>\n__ utmt<\/td>\n<td>session<\/td>\n<td>Historiquement, ce<br \/>\ncookie fonctionnait conjointement avec le cookie __utmt pour d\u00e9terminer si<br \/>\nune nouvelle session devait \u00eatre \u00e9tablie pour l&rsquo;utilisateur. Il n&rsquo;est pas utilis\u00e9 aujourd&rsquo;hui mais est toujours l\u00e0 pour maintenir la r\u00e9trocompatibilit\u00e9 avec le code urchin.js et ga.js. <u><a href=\"https:\/\/www.google.com\/intl\/es\/policies\/\">Plus <\/a><br \/>\n<a href=\"https:\/\/www.google.com\/intl\/es\/policies\/\">d&rsquo;informations<\/a><\/u><\/td>\n<\/tr>\n<tr>\n<td>Tiers persistant<br \/>\n__ utmz<\/td>\n<td>6 mois \u00e0 compter de chaque mise \u00e0<br \/>\njour<\/td>\n<td>Ce cookie enregistre<br \/>\ndes informations de r\u00e9f\u00e9rence utilis\u00e9es par le visiteur pour acc\u00e9der \u00e0 notre site, soit directement, un lien de parrainage, une recherche web ou une campagne publicitaire soit par email. Il est utilis\u00e9 pour calculer le trafic des moteurs de recherche Web, des campagnes marketing et de la navigation sur notre site. Ce cookie est mis \u00e0 jour \u00e0 chaque page vue. <u><a href=\"https:\/\/www.google.com\/intl\/es\/policies\/\">Plus <\/a><br \/>\n<a href=\"https:\/\/www.google.com\/intl\/es\/policies\/\">d&rsquo;informations<\/a><\/u><\/td>\n<\/tr>\n<tr>\n<td>Propre<br \/>\npersistant __ cfduid<\/td>\n<td>5 ans<\/td>\n<td>Le cookie __cfduid<br \/>\nest utilis\u00e9 pour passer outre les restrictions de s\u00e9curit\u00e9 bas\u00e9es sur l&rsquo;adresse IP d&rsquo;o\u00f9 vient le visiteur. <u><a href=\"https:\/\/support.cloudflare.com\/hc\/en-us\/articles\/200170156-What-does-the-CloudFlare-cfduid-cookie-do\">Plus <\/a><br \/>\n<a href=\"https:\/\/support.cloudflare.com\/hc\/en-us\/articles\/200170156-What-does-the-CloudFlare-cfduid-cookie-do\">d&rsquo;informations<\/a><\/u><\/td>\n<\/tr>\n<tr>\n<td>Tiers persistant __ smToken<\/td>\n<td>Expire \u00e0 la fin de<br \/>\nla session<\/td>\n<td>Il est utilis\u00e9 pour diff\u00e9rencier les utilisateurs \u00e0 qui certaines<br \/>\nfonctionnalit\u00e9s de Sumome ont \u00e9t\u00e9 pr\u00e9sent\u00e9es . <u><a href=\"https:\/\/sumo.com\/tos\">Plus <\/a><br \/>\n<a href=\"https:\/\/sumo.com\/tos\">d&rsquo;informations<\/a><\/u><\/td>\n<\/tr>\n<tr>\n<td>Propre __ smVID<\/td>\n<td>Expire \u00e0 la fin de<br \/>\nla session<\/td>\n<td>Stocke des informations sur<br \/>\nl&rsquo;utilisateur et ses sessions pour am\u00e9liorer l&rsquo;exp\u00e9rience utilisateur.<\/td>\n<\/tr>\n<tr>\n<td>_ souvenir_v\u00e9rifi\u00e9_on<\/td>\n<td>Expire \u00e0 la fin de<br \/>\nla session<\/td>\n<td>Cookies avec<br \/>\nfonctionnalit\u00e9s Twitter.<\/td>\n<\/tr>\n<tr>\n<td>Troisi\u00e8me __ stripe_mid<\/td>\n<td>Expire \u00e0 la fin de<br \/>\nla session<\/td>\n<td>Biscuits \u00e0 rayures .<br \/>\n<u><a href=\"https:\/\/stripe.com\/cookies-policy\/legal\">Plus <\/a><br \/>\n<a href=\"https:\/\/stripe.com\/cookies-policy\/legal\">d&rsquo;informations<\/a><\/u><\/td>\n<\/tr>\n<tr>\n<td>Troisi\u00e8me<br \/>\npl persistant<\/td>\n<td>90 jours<\/td>\n<td>Il est utilis\u00e9 pour<br \/>\nenregistrer qu&rsquo;un appareil ou un navigateur est connect\u00e9 via la plateforme Facebook. <u><a href=\"https:\/\/www.facebook.com\/policy\/cookies\/printable\">Plus <\/a><br \/>\n<a href=\"https:\/\/www.facebook.com\/policy\/cookies\/printable\">d&rsquo;informations<\/a><\/u><\/td>\n<\/tr>\n<tr>\n<td>Troisi\u00e8me<br \/>\nfr persistant<\/td>\n<td>90 jours<\/td>\n<td>Il s&rsquo;agit du<br \/>\nprincipal cookie publicitaire de Facebook. Il est utilis\u00e9 pour diffuser, analyser et am\u00e9liorer la pertinence des annonces. <u><a href=\"https:\/\/www.facebook.com\/policy\/cookies\/printable\">Plus <\/a><br \/>\n<a href=\"https:\/\/www.facebook.com\/policy\/cookies\/printable\">d&rsquo;informations<\/a><\/u><\/td>\n<\/tr>\n<tr>\n<td>Tiers<br \/>\npersistant qn<\/td>\n<td>2 ans \u00e0 compter de<br \/>\nl&rsquo;installation<\/td>\n<td>Cookie Facebook<br \/>\nqui identifie le navigateur \u00e0 des fins d&rsquo;authentification de connexion. <u><a href=\"https:\/\/www.facebook.com\/policy\/cookies\/printable\">Plus <\/a><br \/>\n<a href=\"https:\/\/www.facebook.com\/policy\/cookies\/printable\">d&rsquo;informations<\/a><\/u><\/td>\n<\/tr>\n<tr>\n<td>C_user<br \/>\npersistant tiers<\/td>\n<td>20 jours \u00e0 compter de<br \/>\nson installation<\/td>\n<td>Il est utilis\u00e9 avec le<br \/>\ncookie xs pour authentifier votre identit\u00e9 sur Facebook. <u><a href=\"https:\/\/www.facebook.com\/policy\/cookies\/printable\">Plus <\/a><br \/>\n<a href=\"https:\/\/www.facebook.com\/policy\/cookies\/printable\">d&rsquo;informations<\/a><\/u><\/td>\n<\/tr>\n<tr>\n<td>Tiers persistant<br \/>\nxs<\/td>\n<td>90 jours \u00e0 compter de<br \/>\nl&rsquo;installation<\/td>\n<td>Il est utilis\u00e9 avec le<br \/>\ncookie c_user pour authentifier votre identit\u00e9 sur Facebook. <u><a href=\"https:\/\/www.facebook.com\/policy\/cookies\/printable\">Plus <\/a><br \/>\n<a href=\"https:\/\/www.facebook.com\/policy\/cookies\/printable\">d&rsquo;informations<\/a><\/u><\/td>\n<\/tr>\n<tr>\n<td>Donn\u00e9es persistantes de tiers<\/td>\n<td>2 ans \u00e0 compter de<br \/>\nl&rsquo;installation<\/td>\n<td>De Facebook qui<br \/>\nidentifie les navigateurs \u00e0 des fins de s\u00e9curit\u00e9 et d&rsquo;int\u00e9grit\u00e9 du site, y compris la r\u00e9cup\u00e9ration de compte et l&rsquo;identification des comptes qui peuvent \u00eatre \u00e0 risque. <u><a href=\"https:\/\/www.facebook.com\/policy\/cookies\/printable\">Plus <\/a><br \/>\n<a href=\"https:\/\/www.facebook.com\/policy\/cookies\/printable\">d&rsquo;informations<\/a><\/u><\/td>\n<\/tr>\n<tr>\n<td>driftt_aid<br \/>\npersistant tiers<\/td>\n<td>Expire \u00e0 la fin de<br \/>\nla session<\/td>\n<td>Biscuit de chat. <u><a href=\"https:\/\/www.drift.com\/privacy-policy\/\">Plus <\/a><br \/>\n<a href=\"https:\/\/www.drift.com\/privacy-policy\/\">d&rsquo;informations<\/a><\/u><\/td>\n<\/tr>\n<tr>\n<td>Tiers persistant<br \/>\n__ zlcmid<\/td>\n<td>Expire \u00e0 la fin de<br \/>\nla session<\/td>\n<td>Cookie de l&rsquo; outil Zopin<br \/>\nutilis\u00e9 pour le chat<\/td>\n<\/tr>\n<tr>\n<td>Ac_enable_tracking<br \/>\ntiers persistant<\/td>\n<td>Expire \u00e0 la fin de<br \/>\nla session<\/td>\n<td>Cookie utilis\u00e9 par<br \/>\nl&rsquo;outil Email Marketing Active Campaign pour suivre les<br \/>\nvisites du site Web<\/td>\n<\/tr>\n<tr>\n<td>CONSENTEMENT<\/td>\n<td>&nbsp;<\/td>\n<td>Cookie de<br \/>\nlecture de contenu YouTube<\/td>\n<\/tr>\n<\/tbody>\n<\/table>\n<ol start=\"3\">\n<li>Comment puis-je g\u00e9rer et d\u00e9sactiver ces cookies ?<\/li>\n<\/ol>\n<p>Si vous ne souhaitez pas que le site installe des cookies sur votre ordinateur, il est possible d&rsquo;adapter votre navigateur afin d&rsquo;\u00eatre averti avant tout t\u00e9l\u00e9chargement de cookies.<\/p>\n<p>Ainsi, vous pouvez \u00e9galement modifier les param\u00e8tres du navigateur afin qu&rsquo;il rejette tous les cookies ou uniquement les cookies tiers. Vous pouvez \u00e9galement supprimer tous les cookies d\u00e9j\u00e0 pr\u00e9sents sur votre ordinateur. Gardez \u00e0 l&rsquo;esprit que vous devrez adapter la configuration de chaque navigateur et \u00e9quipement que vous utilisez s\u00e9par\u00e9ment.<\/p>\n<p><strong>https:\/\/campingartieserayerla.com\/ <\/strong>met \u00e0 la disposition des utilisateurs qui souhaitent s&rsquo;opposer \u00e0 l&rsquo;installation des cookies pr\u00e9cit\u00e9s, des liens fournis \u00e0 cet effet par des navigateurs dont l&rsquo;utilisation est consid\u00e9r\u00e9e comme plus r\u00e9pandue :<\/p>\n<p><u><a href=\"https:\/\/policies.google.com\/privacy?hl=es&amp;fg=1\">Google Chrome <\/a><\/u>\u2013 <u><a href=\"https:\/\/privacy.microsoft.com\/es-es\/privacystatement\">Internet Explorer <\/a><\/u>\u2013 <u><a href=\"http:\/\/support.mozilla.org\/es\/kb\/habilitar-y-deshabilitar-cookies-que-los-sitios-we\">Mozilla Firefox <\/a><\/u>\u2013 Politique relative aux cookies d&rsquo; <u><a href=\"http:\/\/support.apple.com\/kb\/HT1677?viewlocale=es_ES%20%97%20http:\/\/support.apple.com\/kb\/ph5042\">Apple Safari <\/a><\/u><strong>au 29 juin 2020.<\/strong><\/p>\n<p>&nbsp;<\/p>\n<p>&nbsp;<\/p>\n","protected":false},"excerpt":{"rendered":"<p>Apr\u00e8s un audit effectu\u00e9 pour l&rsquo;information sur les Cookies utilis\u00e9s sur ce site, nous vous informons : NOTRE POLITIQUE EN MATI\u00c8RE DE COOKIES La LSSI-CE oblige tous ceux qui ont un blog ou un site web \u00e0 avertir l&rsquo;utilisateur de l&rsquo;existence de cookies, \u00e0 les signaler et \u00e0 demander l&rsquo;autorisation de les t\u00e9l\u00e9charger. Suivant les [&hellip;]<\/p>\n","protected":false},"author":1,"featured_media":0,"parent":0,"menu_order":0,"comment_status":"closed","ping_status":"closed","template":"","meta":{"footnotes":""},"class_list":["post-1282","page","type-page","status-publish","hentry"],"_links":{"self":[{"href":"https:\/\/campingartieserayerla.com\/fr\/wp-json\/wp\/v2\/pages\/1282","targetHints":{"allow":["GET"]}}],"collection":[{"href":"https:\/\/campingartieserayerla.com\/fr\/wp-json\/wp\/v2\/pages"}],"about":[{"href":"https:\/\/campingartieserayerla.com\/fr\/wp-json\/wp\/v2\/types\/page"}],"author":[{"embeddable":true,"href":"https:\/\/campingartieserayerla.com\/fr\/wp-json\/wp\/v2\/users\/1"}],"replies":[{"embeddable":true,"href":"https:\/\/campingartieserayerla.com\/fr\/wp-json\/wp\/v2\/comments?post=1282"}],"version-history":[{"count":2,"href":"https:\/\/campingartieserayerla.com\/fr\/wp-json\/wp\/v2\/pages\/1282\/revisions"}],"predecessor-version":[{"id":1290,"href":"https:\/\/campingartieserayerla.com\/fr\/wp-json\/wp\/v2\/pages\/1282\/revisions\/1290"}],"wp:attachment":[{"href":"https:\/\/campingartieserayerla.com\/fr\/wp-json\/wp\/v2\/media?parent=1282"}],"curies":[{"name":"wp","href":"https:\/\/api.w.org\/{rel}","templated":true}]}}