{"id":778,"date":"2022-01-10T11:53:37","date_gmt":"2022-01-10T11:53:37","guid":{"rendered":"https:\/\/campingartieserayerla.com\/activitats\/"},"modified":"2022-05-24T12:07:05","modified_gmt":"2022-05-24T12:07:05","slug":"activitats","status":"publish","type":"page","link":"https:\/\/campingartieserayerla.com\/ca\/activitats\/","title":{"rendered":""},"content":{"rendered":"<p>La Val d&#8217;Aran ens ofereix m\u00faltiples possibilitats per a la pr\u00e0ctica de tot tipus d&#8217;activitats tant a l&#8217; estiu com a l&#8217; hivern.<\/p>\n<p>Es poden realitzar esports d&#8217;aventura, senderisme i excursions, rutes culturals, banys termals&#8230; I tamb\u00e9 gaudir de diferents activitats relacionades amb la neu.<\/p>\n<p>Esqu\u00ed alp\u00ed i n\u00f2rdic, esqu\u00ed de muntanya, raquetes de neu, motos de neu&#8230;<\/p>\n","protected":false},"excerpt":{"rendered":"<p>La Val d&#8217;Aran ens ofereix m\u00faltiples possibilitats per a la pr\u00e0ctica de tot tipus d&#8217;activitats tant a l&#8217; estiu com a l&#8217; hivern. Es poden realitzar esports d&#8217;aventura, senderisme i excursions, rutes culturals, banys termals&#8230; I tamb\u00e9 gaudir de diferents activitats relacionades amb la neu. Esqu\u00ed alp\u00ed i n\u00f2rdic, esqu\u00ed de muntanya, raquetes de neu, [&hellip;]<\/p>\n","protected":false},"author":1,"featured_media":544,"parent":0,"menu_order":0,"comment_status":"closed","ping_status":"closed","template":"","meta":{"footnotes":""},"class_list":["post-778","page","type-page","status-publish","has-post-thumbnail","hentry"],"_links":{"self":[{"href":"https:\/\/campingartieserayerla.com\/ca\/wp-json\/wp\/v2\/pages\/778","targetHints":{"allow":["GET"]}}],"collection":[{"href":"https:\/\/campingartieserayerla.com\/ca\/wp-json\/wp\/v2\/pages"}],"about":[{"href":"https:\/\/campingartieserayerla.com\/ca\/wp-json\/wp\/v2\/types\/page"}],"author":[{"embeddable":true,"href":"https:\/\/campingartieserayerla.com\/ca\/wp-json\/wp\/v2\/users\/1"}],"replies":[{"embeddable":true,"href":"https:\/\/campingartieserayerla.com\/ca\/wp-json\/wp\/v2\/comments?post=778"}],"version-history":[{"count":4,"href":"https:\/\/campingartieserayerla.com\/ca\/wp-json\/wp\/v2\/pages\/778\/revisions"}],"predecessor-version":[{"id":1491,"href":"https:\/\/campingartieserayerla.com\/ca\/wp-json\/wp\/v2\/pages\/778\/revisions\/1491"}],"wp:featuredmedia":[{"embeddable":true,"href":"https:\/\/campingartieserayerla.com\/ca\/wp-json\/wp\/v2\/media\/544"}],"wp:attachment":[{"href":"https:\/\/campingartieserayerla.com\/ca\/wp-json\/wp\/v2\/media?parent=778"}],"curies":[{"name":"wp","href":"https:\/\/api.w.org\/{rel}","templated":true}]}}