{"id":1281,"date":"2022-04-29T12:26:52","date_gmt":"2022-04-29T12:26:52","guid":{"rendered":"https:\/\/campingartieserayerla.com\/cookies-policy\/"},"modified":"2022-04-29T14:27:18","modified_gmt":"2022-04-29T14:27:18","slug":"politica-de-cookies","status":"publish","type":"page","link":"https:\/\/campingartieserayerla.com\/ca\/politica-de-cookies\/","title":{"rendered":"Pol\u00edtica de cookies"},"content":{"rendered":"<p>Despr\u00e9s d&#8217;una auditoria realitzada per a la informaci\u00f3 sobre les cookies que es fan servir en aquesta web, t&#8217;informem:<\/p>\n<p><strong>LA NOSTRA POL\u00cdTICA DE COOKIES<\/strong><\/p>\n<p>La LSSI-CE obliga tots els que tenim un bloc o una web a <strong>advertir a l&#8217;usuari de l&#8217;exist\u00e8ncia de cookies, informar-ne i requerir perm\u00eds per descarregar-les.<\/strong><\/p>\n<p>Seguint el que estableix l&#8217;art. 22.2 de la Llei 34\/2002 <em>. \u201cEls prestadors de serveis podran utilitzar dispositius d&#8217;emmagatzematge i recuperaci\u00f3 de dades en equips terminals dels destinataris, a condici\u00f3 que aquests <\/em><strong>hagin donat el seu consentiment despr\u00e9s que se&#8217;ls hagi facilitat informaci\u00f3 clara i completa sobre la seva utilitzaci\u00f3 <\/strong><em>, en particular, sobre les finalitats del tractament de les dades, d&#8217;acord amb el que disposa la Llei Org\u00e0nica 15\/1999, de 13 de desembre, de Protecci\u00f3 de Dades de Car\u00e0cter Personal\u201d.<\/em><\/p>\n<p>Has de con\u00e8ixer que tenint en compte la manera com funciona Internet i els llocs web, no sempre \u00e9s possible comptar amb informaci\u00f3 actualitzada de les cookies que terceres parts puguin utilitzar a trav\u00e9s d&#8217;aquest lloc web.<\/p>\n<p>Aix\u00f2 s&#8217;aplica especialment a casos en qu\u00e8 aquesta p\u00e0gina web cont\u00e9 elements integrats: \u00e9s a dir, textos, documents, imatges o pel\u00b7l\u00edcules breus que s&#8217;emmagatzemen en una altra part, per\u00f2 es mostren al nostre lloc web.<\/p>\n<p>Per tant, en cas que et trobis amb aquest tipus de cookies en aquest lloc web i no estiguin enumerades a la llista seg\u00fcent, et prego que m&#8217;ho comuniquis. Tamb\u00e9 pots posar-te en contacte directament amb el tercer per demanar-li informaci\u00f3 sobre les cookies que col\u00b7loca, la finalitat i la durada de la galeta, i com ha garantit <u><a href=\"https:\/\/campingartieserayerla.com\/es\/politica-de-privacidad\/\">la pol\u00edtica de privadesa <\/a><\/u>. El seu consentiment s&#8217;aplica als dominis seg\u00fcents: campingartieserayerla.com [ user_consent_state ]<\/p>\n<p><strong>Previ.- Qu\u00e8 s\u00f3n les cookies?<\/strong><\/p>\n<p>Les cookies constitueixen una eina emprada pels servidors web per emmagatzemar i recuperar informaci\u00f3 sobre els seus visitants. No \u00e9s m\u00e9s que un fitxer de text que alguns servidors demanen al nostre navegador que escrigui al nostre disc dur, amb informaci\u00f3 sobre el que hem estat fent per les seves p\u00e0gines. Tenen una data de caducitat, que pot oscil\u00b7lar des del temps que duri la sessi\u00f3 fins a una data futura especificada, a partir de la qual deixen de ser operativa.<\/p>\n<ol>\n<li>Les cookies que utilitza aquesta web<\/li>\n<\/ol>\n<p>En aquesta web s&#8217;utilitzen cookies <strong>pr\u00f2pies i de tercers <\/strong>per aconseguir que tinguis una millor experi\u00e8ncia de navegaci\u00f3, puguis compartir contingut a les xarxes socials, per mostrar-te anuncis en funci\u00f3 dels teus interessos i per obtenir estad\u00edstiques d&#8217;usuaris.<\/p>\n<p>Per aix\u00f2, les cookies emprades a <strong>https:\/\/campingartieserayerla.com <\/strong>s&#8217;associen \u00fanicament amb un Usuari an\u00f2nim i el seu ordinador, no proporcionen refer\u00e8ncies que permetin deduir el nom i cognoms de l&#8217;Usuari i no poden llegir dades del disc dur ni incloure virus a els seus textos. Aix\u00ed mateix, <strong>https:\/\/campingartieserayerla.com <\/strong>no pot llegir les cookies implantades al disc dur de l&#8217;Usuari des d&#8217;altres servidors.<\/p>\n<p>L&#8217;usuari pot decidir lliurement sobre la implantaci\u00f3 o no al seu disc dur de les cookies emprades a <strong>https:\/\/campingartieserayerla.com <\/strong>En aquest sentit, l&#8217;usuari pot configurar el seu navegador per acceptar o rebutjar per defecte totes les cookies o per rebre un av\u00eds en pantalla de la recepci\u00f3 de cada galeta i decidir en aquell moment la seva implantaci\u00f3 o no al disc dur. Per aix\u00f2 us suggerim consultar la secci\u00f3 d&#8217;ajuda del vostre navegador per saber com canviar la configuraci\u00f3 que actualment utilitza. Tot i que l&#8217;Usuari configur\u00e9 el seu navegador per rebutjar totes les cookies o rebutg\u00e9s expressament les cookies de <strong>https:\/\/campingartieserayerla.com <\/strong>podr\u00e0s navegar pel Portal amb l&#8217;\u00fanic inconvenient de no poder gaudir de les funcionalitats del Portal que requereixin la instal\u00b7laci\u00f3 d&#8217;alguna de elles. En qualsevol cas, l&#8217;Usuari podr\u00e0 eliminar les cookies implantades al vostre disc dur en qualsevol moment, seguint el procediment establert a la secci\u00f3 d&#8217;ajuda del vostre navegador i que posteriorment detallarem.<\/p>\n<p>Com a usuari que ets, pots rebutjar el tractament de les dades o la informaci\u00f3 bloquejant aquestes cookies mitjan\u00e7ant la configuraci\u00f3 apropiada del teu navegador. No obstant aix\u00f2, heu de saber que, si ho feu, aquest lloc no funcioni adequadament.<\/p>\n<p>Segons els termes inclosos a l&#8217;article 22.2 de la Llei 34\/2002 de Serveis de la Societat de la Informaci\u00f3 i Comer\u00e7 Electr\u00f2nic, si continues navegant <strong>, estar\u00e0s prestant el teu consentiment <\/strong>per a l&#8217;\u00fas de les cookies que detallo a continuaci\u00f3.<\/p>\n<p>Les cookies d&#8217;aquesta web ajuden a:<\/p>\n<ul>\n<li>Fer que aquesta web funcioni correctament<\/li>\n<li>Estalviar-li haver d&#8217;iniciar sessi\u00f3 cada vegada que visites aquest lloc<\/li>\n<li>Recordar-te els teus ajustaments durant i entre les visites<\/li>\n<li>Permetre&#8217;t visualitzar v\u00eddeos<\/li>\n<li>Millorar la velocitat \/ seguretat del lloc<\/li>\n<li>Que pugui compartir p\u00e0gines amb xarxes socials<\/li>\n<li>Millorar cont\u00ednuament aquest lloc web<\/li>\n<li>Mostra&#8217;t anuncis en funci\u00f3 dels teus h\u00e0bits de navegaci\u00f3<\/li>\n<\/ul>\n<p><strong>No utilitzareu mai cookies per a:<\/strong><\/p>\n<ul>\n<li>Recollir informaci\u00f3 d&#8217;identificaci\u00f3 personal (sense el vostre perm\u00eds expr\u00e9s)<\/li>\n<li>Recollir informaci\u00f3 sensible (sense el teu perm\u00eds expr\u00e9s)<\/li>\n<li>Compartir dades d&#8217;identificaci\u00f3 personal a tercers<\/li>\n<\/ul>\n<ol start=\"2\">\n<li>Cookies de tercers que utilitzem en aquesta web i que has de con\u00e8ixer<\/li>\n<\/ol>\n<p>Aquest web, com la majoria de llocs web, inclou funcionalitats proporcionades per tercers.<\/p>\n<p>Tamb\u00e9 es posen a prova regularment nous dissenys o serveis de tercers per a recomanacions i informes.<\/p>\n<p>Aix\u00f2 pot modificar ocasionalment la configuraci\u00f3 de cookies i que apareguin cookies no detallades a la present pol\u00edtica. \u00c9s important que s\u00e0pigues que s\u00f3n cookies provisionals que no sempre \u00e9s possible informar i que nom\u00e9s tenen finalitats d&#8217;estudi i valoraci\u00f3. En cap cas es faran servir cookies que comprometin la teva privadesa.<\/p>\n<p>Entre les cookies de tercers m\u00e9s estables estan:<\/p>\n<ul>\n<li><strong>Les generades per serveis d&#8217;an\u00e0lisi, <\/strong>concretament, Google Analytics per ajudar el website a analitzar l&#8217;\u00fas que fan els Usuaris del lloc web i millorar-ne la usabilitat, per\u00f2 en cap cas s&#8217;associen a dades que poguessin arribar a identificar l&#8217;usuari.<\/li>\n<\/ul>\n<p>Google Analytics , \u00e9s un servei anal\u00edtic de web prestat per Google, Inc., una companyia de Delaware que t\u00e9 com a oficina principal el 1600 Amphitheatre Parkway , Mountain View (Calif\u00f2rnia), CA 94043, Estats Units (\u201cGoogle\u201d).<\/p>\n<p>L&#8217;usuari pot consultar <u><a href=\"https:\/\/www.google.es\/intl\/es\/policies\/technologies\/types\/\">aqu\u00ed <\/a><\/u>el tipus de cookies utilitzades per Google. Cookie de Google+ i Google Maps , segons el que disposa la seva p\u00e0gina sobre quin <u><a href=\"http:\/\/www.google.com\/intl\/es\/policies\/technologies\/types\/\">tipus de cookies utilitzen <\/a><\/u>.<\/p>\n<p>Aix\u00ed mateix, de vegades utilitzem Cookies generades pel sistema de rastreig d&#8217;Active Campaign LLC, empresa subscrita al Privacy Shield , per analitzar l\u00fas que fan els nostres subscriptors del lloc web i millorar la seva experi\u00e8ncia. Pots con\u00e8ixer la pol\u00edtica de privadesa d&#8217;aquesta plataforma <u><a href=\"https:\/\/www.activecampaign.com\/privacy-policy\/\">aqu\u00ed.<\/a><\/u><\/p>\n<ul>\n<li><strong>WordPress : <\/strong>\u00e9s usuari de la plataforma de subministrament i allotjament de blocs WordPress , propietat de l&#8217;empresa nord-americana Automattic , Inc. poden canviar la seva funci\u00f3 en qualsevol moment, i entrar cookies noves.<\/li>\n<\/ul>\n<p>Aquestes cookies tampoc reporten al responsable d&#8217;aquest web cap benefici. Automattic , Inc., utilitza a m\u00e9s altres cookies amb la finalitat d&#8217;ajudar a identificar i rastrejar els visitants dels llocs de WordPress , con\u00e8ixer l&#8217;\u00fas que fan del lloc web d&#8217; Automattic , aix\u00ed com les seves prefer\u00e8ncies d&#8217;acc\u00e9s, tal com es recull a l&#8217;apartat \u201cCookies\u201d de la seva pol\u00edtica de privadesa.<\/p>\n<ul>\n<li><strong>Cookies de xarxes socials: <\/strong>Les cookies de xarxes socials es poden emmagatzemar al vostre navegador mentre navega pel web o quan utilitza el bot\u00f3 de compartir continguts d&#8217;abcoach.com en alguna xarxa social.<\/li>\n<\/ul>\n<p>Les empreses que generen aquestes cookies corresponents a les xarxes socials que utilitza aquesta web tenen les seves pr\u00f2pies pol\u00edtiques de cookies:<\/p>\n<ul>\n<li>Cookie de Twitter, segons el que disposa la seva <u><a href=\"https:\/\/twitter.com\/privacy\">pol\u00edtica de privadesa i \u00fas de cookies <\/a><\/u>.<\/li>\n<li>Cookie de Linkedin , segons el que disposa la <u><a href=\"https:\/\/www.linkedin.com\/legal\/cookie-policy?trk=hp-cookies\">Pol\u00edtica de cookies<\/a><\/u><\/li>\n<li>Cookie de Facebook, segons el que disposa la seva <u><a href=\"https:\/\/www.facebook.com\/help\/cookies?ref_type=sitefooter\">Pol\u00edtica de Cookies<\/a><\/u><\/li>\n<li>Cookie de Youtube , segons el que disposa la seva <u><a href=\"https:\/\/www.google.es\/intl\/es\/policies\/technologies\/cookies\/\">Pol\u00edtica de Cookies<\/a><\/u><\/li>\n<\/ul>\n<p>Les implicacions de privadesa estaran en funci\u00f3 a cada xarxa social i dependran de la configuraci\u00f3 de privadesa que ha triat en aquestes xarxes. En cap cas, ni el responsable d&#8217;aquesta web ni els anunciants no poden obtenir informaci\u00f3 personal identificable d&#8217;aquestes cookies.<\/p>\n<p>A continuaci\u00f3, i segons exigeix l&#8217;article 22.2 de la LSSI es detallen les cookies que es poden instal\u00b7lar habitualment durant la navegaci\u00f3 per aquest lloc web:<\/p>\n<table>\n<tbody>\n<tr>\n<td><strong>NOM<\/strong><\/td>\n<td><strong>DURADA<\/strong><\/td>\n<td><strong>FINALITAT<\/strong><\/td>\n<\/tr>\n<tr>\n<td>Pr\u00f2pia:<br \/>\nSessi\u00f3 tve_leads_unique<\/td>\n<td>Caduca en finalitzar<br \/>\nsessi\u00f3<\/td>\n<td>Emmagatzemen<br \/>\ninformaci\u00f3 de l&#8217;usuari i les seves sessions per millorar l&#8217;experi\u00e8ncia d&#8217;usuari<\/td>\n<\/tr>\n<tr>\n<td>Tercers<br \/>\npersistent _ ga<\/td>\n<td>2 anys a<br \/>\npartir de la configuraci\u00f3<\/td>\n<td>Es fa servir per<br \/>\ndistingir els usuaris. \u00c9s una galeta pertanyent a Google<br \/>\nAnalytics . <u><a href=\"https:\/\/www.google.com\/intl\/es\/policies\/\">M\u00e9s <\/a><br \/>\n<a href=\"https:\/\/www.google.com\/intl\/es\/policies\/\">informaci\u00f3<\/a><\/u><\/td>\n<\/tr>\n<tr>\n<td>Tercers<br \/>\npersistent _ gat<\/td>\n<td>10 minuts<\/td>\n<td>Es fa servir per saber la<br \/>\nr\u00e0tio de rec\u00e0rrega. \u00c9s una galeta pertanyent a Google Analytics .<br \/>\n<u><a href=\"https:\/\/www.google.com\/intl\/es\/policies\/\">M\u00e9s <\/a><br \/>\n<a href=\"https:\/\/www.google.com\/intl\/es\/policies\/\">informaci\u00f3<\/a><\/u><\/td>\n<\/tr>\n<tr>\n<td>Tercers<br \/>\npersistent __ utma<\/td>\n<td>2 anys des de<br \/>\ncada actualitzaci\u00f3<\/td>\n<td>Aquesta galeta se sol<br \/>\nestablir durant la primera visita. Si la galeta \u00e9s eliminada manualment, es tornar\u00e0 a establir a la seg\u00fcent visita amb ID nou. En la majoria dels casos aquesta galeta s&#8217;utilitza per determinar visitants \u00fanics al nostre lloc web i \u00e9s actualitzada amb cada p\u00e0gina vista. A m\u00e9s, aquesta galeta t\u00e9 un ID \u00fanic de Google Analytics que assegura<br \/>\ntant la validesa de la mateixa com la seva accessibilitat com una mesura de seguretat addicional. <u><a href=\"https:\/\/www.google.com\/intl\/es\/policies\/\">M\u00e9s <\/a><br \/>\n<a href=\"https:\/\/www.google.com\/intl\/es\/policies\/\">informaci\u00f3<\/a><\/u><\/td>\n<\/tr>\n<tr>\n<td>Tercers<br \/>\npersistent __ utmb<\/td>\n<td>2 anys des de<br \/>\ncada actualitzaci\u00f3<\/td>\n<td>Aquesta galeta<br \/>\ns&#8217;utilitza per establir i continuar una sessi\u00f3 d&#8217;usuari al nostre lloc. Quan un usuari visita una p\u00e0gina al nostre lloc, el codi de Google Analytics intenta<br \/>\nactualitzar aquesta galeta. Si no trobeu la galeta, en creareu<br \/>\nuna de nova. Cada cop que l&#8217;usuari visita una p\u00e0gina<br \/>\ndiferent s&#8217;actualitza aquesta galeta per caducar als 30 minuts, d&#8217;aquesta manera continua trobar una sessi\u00f3 \u00fanica en intervals de 30 minuts. Aquesta galeta caduca quan un usuari deixa de visites el nostre lloc per un per\u00edode de 30 minuts.<br \/>\n<u><a href=\"https:\/\/www.google.com\/intl\/es\/policies\/\">M\u00e9s <\/a><br \/>\n<a href=\"https:\/\/www.google.com\/intl\/es\/policies\/\">informaci\u00f3<\/a><\/u><\/td>\n<\/tr>\n<tr>\n<td>Tercers<br \/>\npersistent APISID, HSID, NID, SAPISID, SID, SSID<\/td>\n<td>2 anys des de<br \/>\nla seva instal\u00b7laci\u00f3<\/td>\n<td>Desa prefer\u00e8ncies<br \/>\nd&#8217;usuari i altra informaci\u00f3 dels serveis de Google que t\u00e9 l&#8217;usuari. <u><a href=\"https:\/\/www.google.com\/policies\/privacy\/\">M\u00e9s <\/a><br \/>\n<a href=\"https:\/\/www.google.com\/policies\/privacy\/\">informaci\u00f3<\/a><\/u><\/td>\n<\/tr>\n<tr>\n<td>Tercers<br \/>\npersistent __ utmt<\/td>\n<td>De sessi\u00f3<\/td>\n<td>Hist\u00f2ricament, aquesta<br \/>\ngaleta operava juntament amb la galeta __ utmt per determinar si<br \/>\ns&#8217;havia d&#8217;establir una nova sessi\u00f3 a l&#8217;usuari. Avui dia no s&#8217;utilitza per\u00f2 segueix aqu\u00ed per mantenir compatibilitat cap enrere amb el codi detheurchin.js i ga.js. <u><a href=\"https:\/\/www.google.com\/intl\/es\/policies\/\">M\u00e9s <\/a><br \/>\n<a href=\"https:\/\/www.google.com\/intl\/es\/policies\/\">informaci\u00f3<\/a><\/u><\/td>\n<\/tr>\n<tr>\n<td>Tercers<br \/>\npersistent __ utmz<\/td>\n<td>6 mesos des de cada<br \/>\nactualitzaci\u00f3<\/td>\n<td>Aquesta galeta guarda<br \/>\ninformaci\u00f3 de refer\u00e8ncies utilitzades pel visitant per arribar al nostre lloc, ja sigui de forma directa, un link de refer\u00e8ncia, una cerca web o una campanya de publicitat o per email. S&#8217;utilitza per calcular el tr\u00e0nsit provinent de cercadors web, campanyes de m\u00e0rqueting i navegaci\u00f3 pel nostre lloc. Aquesta galeta s&#8217;actualitza a cada vista de p\u00e0gina. <u><a href=\"https:\/\/www.google.com\/intl\/es\/policies\/\">M\u00e9s <\/a><br \/>\n<a href=\"https:\/\/www.google.com\/intl\/es\/policies\/\">informaci\u00f3<\/a><\/u><\/td>\n<\/tr>\n<tr>\n<td>Pr\u00f2pia<br \/>\npersistent __ cfduid<\/td>\n<td>5 anys<\/td>\n<td>La galeta __ cfduid<br \/>\ns&#8217;utilitza per anul\u00b7lar les restriccions de seguretat basades en l&#8217;adre\u00e7a IP del visitant venint. <u><a href=\"https:\/\/support.cloudflare.com\/hc\/en-us\/articles\/200170156-What-does-the-CloudFlare-cfduid-cookie-do\">M\u00e9s <\/a><br \/>\n<a href=\"https:\/\/support.cloudflare.com\/hc\/en-us\/articles\/200170156-What-does-the-CloudFlare-cfduid-cookie-do\">informaci\u00f3<\/a><\/u><\/td>\n<\/tr>\n<tr>\n<td>Tercers<br \/>\npersistent __ smToken<\/td>\n<td>Caduca en finalitzar<br \/>\nla sessi\u00f3<\/td>\n<td>S&#8217;usa per<br \/>\ndiferenciar els usuaris als quals se&#8217;ls ha mostrat alguna funcionalitat de Sumome . <u><a href=\"https:\/\/sumo.com\/tos\">M\u00e9s <\/a><br \/>\n<a href=\"https:\/\/sumo.com\/tos\">informaci\u00f3<\/a><\/u><\/td>\n<\/tr>\n<tr>\n<td>Pr\u00f2pia __ smVID<\/td>\n<td>Caduca en finalitzar<br \/>\nla sessi\u00f3<\/td>\n<td>Emmagatzema informaci\u00f3<br \/>\nde lusuari i les seves sessions per millorar lexperi\u00e8ncia dusuari.<\/td>\n<\/tr>\n<tr>\n<td>_ remember_checked_on<\/td>\n<td>Caduca en finalitzar<br \/>\nla sessi\u00f3<\/td>\n<td>Cookies amb<br \/>\nfuncionalitats de Twitter.<\/td>\n<\/tr>\n<tr>\n<td>Tercers __ stripe_mid<\/td>\n<td>Caduca en finalitzar<br \/>\nla sessi\u00f3<\/td>\n<td>Cookie de Stripe .<br \/>\n<u><a href=\"https:\/\/stripe.com\/cookies-policy\/legal\">M\u00e9s <\/a><br \/>\n<a href=\"https:\/\/stripe.com\/cookies-policy\/legal\">informaci\u00f3<\/a><\/u><\/td>\n<\/tr>\n<tr>\n<td>Tercers<br \/>\npersistent pl<\/td>\n<td>90 dies<\/td>\n<td>S&#8217;utilitza per<br \/>\nregistrar que un dispositiu o navegador van iniciar sessi\u00f3 a trav\u00e9s de la plataforma de Facebook. <u><a href=\"https:\/\/www.facebook.com\/policy\/cookies\/printable\">M\u00e9s <\/a><br \/>\n<a href=\"https:\/\/www.facebook.com\/policy\/cookies\/printable\">informaci\u00f3<\/a><\/u><\/td>\n<\/tr>\n<tr>\n<td>Tercers<br \/>\npersistent fr<\/td>\n<td>90 dies<\/td>\n<td>Es tracta de la<br \/>\ngaleta de publicitat principal de Facebook. S&#8217;utilitza per oferir, analitzar i millorar la rellev\u00e0ncia dels anuncis. <u><a href=\"https:\/\/www.facebook.com\/policy\/cookies\/printable\">M\u00e9s <\/a><br \/>\n<a href=\"https:\/\/www.facebook.com\/policy\/cookies\/printable\">informaci\u00f3<\/a><\/u><\/td>\n<\/tr>\n<tr>\n<td>Tercers<br \/>\npersistent sb<\/td>\n<td>2 anys des de<br \/>\nla seva instal\u00b7laci\u00f3<\/td>\n<td>Cookie de Facebook<br \/>\nque identifica el navegador amb fins d&#8217;autenticaci\u00f3 de l&#8217;inici de sessi\u00f3. <u><a href=\"https:\/\/www.facebook.com\/policy\/cookies\/printable\">M\u00e9s <\/a><br \/>\n<a href=\"https:\/\/www.facebook.com\/policy\/cookies\/printable\">informaci\u00f3<\/a><\/u><\/td>\n<\/tr>\n<tr>\n<td>Tercers<br \/>\npersistent c_user<\/td>\n<td>20 dies des de<br \/>\nla instal\u00b7laci\u00f3<\/td>\n<td>S&#8217;utilitza juntament amb<br \/>\nla galeta xs per autenticar la teva identitat a Facebook. <u><a href=\"https:\/\/www.facebook.com\/policy\/cookies\/printable\">M\u00e9s <\/a><br \/>\n<a href=\"https:\/\/www.facebook.com\/policy\/cookies\/printable\">informaci\u00f3<\/a><\/u><\/td>\n<\/tr>\n<tr>\n<td>Tercers<br \/>\npersistent xs<\/td>\n<td>90 dies des de<br \/>\nla instal\u00b7laci\u00f3<\/td>\n<td>S&#8217;utilitza juntament amb<br \/>\nla galeta c_user per autenticar la teva identitat a Facebook. <u><a href=\"https:\/\/www.facebook.com\/policy\/cookies\/printable\">M\u00e9s <\/a><br \/>\n<a href=\"https:\/\/www.facebook.com\/policy\/cookies\/printable\">informaci\u00f3<\/a><\/u><\/td>\n<\/tr>\n<tr>\n<td>Tercers<br \/>\npersistent datr<\/td>\n<td>2 anys des de<br \/>\nla seva instal\u00b7laci\u00f3<\/td>\n<td>De Facebook que<br \/>\nidentifica els navegadors amb finalitats de seguretat i integritat del lloc, entre ells, la recuperaci\u00f3 de comptes i la identificaci\u00f3 de comptes que puguin estar en risc. <u><a href=\"https:\/\/www.facebook.com\/policy\/cookies\/printable\">M\u00e9s <\/a><br \/>\n<a href=\"https:\/\/www.facebook.com\/policy\/cookies\/printable\">informaci\u00f3<\/a><\/u><\/td>\n<\/tr>\n<tr>\n<td>Tercers<br \/>\npersistent driftt_aid<\/td>\n<td>Caduca en finalitzar<br \/>\nla sessi\u00f3<\/td>\n<td>Cookie de xat. <u><a href=\"https:\/\/www.drift.com\/privacy-policy\/\">M\u00e9s <\/a><br \/>\n<a href=\"https:\/\/www.drift.com\/privacy-policy\/\">informaci\u00f3<\/a><\/u><\/td>\n<\/tr>\n<tr>\n<td>Tercers<br \/>\npersistent __ zlcmid<\/td>\n<td>Caduca en finalitzar<br \/>\nla sessi\u00f3<\/td>\n<td>Cookie de l&#8217;<br \/>\neina Zopin utilitzada per a xat<\/td>\n<\/tr>\n<tr>\n<td>Tercers<br \/>\npersistent ac_enable_tracking<\/td>\n<td>Caduca en finalitzar<br \/>\nla sessi\u00f3<\/td>\n<td>Cookie utilitzada per<br \/>\nl&#8217;eina d&#8217;Email Marketing Active Campaign per trackejar<br \/>\nles visites de la web<\/td>\n<\/tr>\n<tr>\n<td>CONSENT<\/td>\n<td><\/td>\n<td>Cookie de<br \/>\nreproducci\u00f3 de contingut a YouTube<\/td>\n<\/tr>\n<\/tbody>\n<\/table>\n<ol start=\"3\">\n<li>Com puc gestionar i desactivar aquestes cookies?<\/li>\n<\/ol>\n<p>En cas de no desitjar que el lloc web no instal\u00b7li cap galeta al teu equip, hi ha la possibilitat d&#8217;adaptar el teu navegador de manera que se&#8217;t notifiqui abans que es descarregui cap galeta.<\/p>\n<p>Aix\u00ed les coses, es pot igualment modificar la configuraci\u00f3 del navegador de manera que rebutgi totes les cookies o \u00fanicament les cookies de tercers. Tamb\u00e9 pots eliminar qualsevol de les cookies que ja es trobin al teu equip. Tingueu en compte que haureu d&#8217;adaptar per separat la configuraci\u00f3 de cada navegador i equip que utilitzeu.<\/p>\n<p><strong>https:\/\/campingartieserayerla.com\/ <\/strong>posa a disposici\u00f3 dels usuaris que vulguin impedir la instal\u00b7laci\u00f3 de les esmentades cookies, enlla\u00e7os facilitats a aquest efecte per navegadors l&#8217;\u00fas dels quals es considera m\u00e9s est\u00e8s:<\/p>\n<p><u><a href=\"https:\/\/policies.google.com\/privacy?hl=es&amp;fg=1\">Google Chrome <\/a><\/u>\u2013 <u><a href=\"https:\/\/privacy.microsoft.com\/es-es\/privacystatement\">Internet Explorer <\/a><\/u>\u2013 <u><a href=\"http:\/\/support.mozilla.org\/es\/kb\/habilitar-y-deshabilitar-cookies-que-los-sitios-we\">Mozilla Firefox <\/a><\/u>\u2013 <u><a href=\"http:\/\/support.apple.com\/kb\/HT1677?viewlocale=es_ES%20%97%20http:\/\/support.apple.com\/kb\/ph5042\">Apple Safari <\/a><\/u><strong>Pol\u00edtica de Cookies el 29 de juny de 2020.<\/strong><\/p>\n<p>&nbsp;<\/p>\n<p>&nbsp;<\/p>\n","protected":false},"excerpt":{"rendered":"<p>Despr\u00e9s d&#8217;una auditoria realitzada per a la informaci\u00f3 sobre les cookies que es fan servir en aquesta web, t&#8217;informem: LA NOSTRA POL\u00cdTICA DE COOKIES La LSSI-CE obliga tots els que tenim un bloc o una web a advertir a l&#8217;usuari de l&#8217;exist\u00e8ncia de cookies, informar-ne i requerir perm\u00eds per descarregar-les. Seguint el que estableix l&#8217;art. [&hellip;]<\/p>\n","protected":false},"author":1,"featured_media":0,"parent":0,"menu_order":0,"comment_status":"closed","ping_status":"closed","template":"","meta":{"footnotes":""},"class_list":["post-1281","page","type-page","status-publish","hentry"],"_links":{"self":[{"href":"https:\/\/campingartieserayerla.com\/ca\/wp-json\/wp\/v2\/pages\/1281","targetHints":{"allow":["GET"]}}],"collection":[{"href":"https:\/\/campingartieserayerla.com\/ca\/wp-json\/wp\/v2\/pages"}],"about":[{"href":"https:\/\/campingartieserayerla.com\/ca\/wp-json\/wp\/v2\/types\/page"}],"author":[{"embeddable":true,"href":"https:\/\/campingartieserayerla.com\/ca\/wp-json\/wp\/v2\/users\/1"}],"replies":[{"embeddable":true,"href":"https:\/\/campingartieserayerla.com\/ca\/wp-json\/wp\/v2\/comments?post=1281"}],"version-history":[{"count":5,"href":"https:\/\/campingartieserayerla.com\/ca\/wp-json\/wp\/v2\/pages\/1281\/revisions"}],"predecessor-version":[{"id":1294,"href":"https:\/\/campingartieserayerla.com\/ca\/wp-json\/wp\/v2\/pages\/1281\/revisions\/1294"}],"wp:attachment":[{"href":"https:\/\/campingartieserayerla.com\/ca\/wp-json\/wp\/v2\/media?parent=1281"}],"curies":[{"name":"wp","href":"https:\/\/api.w.org\/{rel}","templated":true}]}}