{"id":1262,"date":"2022-04-29T12:00:23","date_gmt":"2022-04-29T12:00:23","guid":{"rendered":"https:\/\/campingartieserayerla.com\/privacy-policy\/"},"modified":"2022-04-29T12:22:46","modified_gmt":"2022-04-29T12:22:46","slug":"politica-de-privadesa","status":"publish","type":"page","link":"https:\/\/campingartieserayerla.com\/ca\/politica-de-privadesa\/","title":{"rendered":"pol\u00edtica de privadesa"},"content":{"rendered":"<p>Agraeixo que estiguis en aquesta p\u00e0gina, aix\u00f2 significa que les teves dades t&#8217;importen, i vols con\u00e8ixer-ne el dest\u00ed i qui les recull.<\/p>\n<p><strong>POL\u00cdTICA DE PRIVACITAT<\/strong><\/p>\n<p>De conformitat amb el que disposa el Reglament General (UE) Sobre Protecci\u00f3 de Dades, mitjan\u00e7ant l&#8217;acceptaci\u00f3 de la present Pol\u00edtica de Privadesa prestas el teu consentiment informat, expr\u00e9s, lliure i inequ\u00edvoc perqu\u00e8 les dades personals que proporcionis a trav\u00e9s de la p\u00e0gina web https :\/\/campingartieserayerla.com\/ (d&#8217;ara endavant LLOC WEB) siguin inclosos en un fitxer de \u201cUSUARIS WEB I SUBSCRIPTORS\u201d aix\u00ed com \u201cCLIENTS I\/O PROVE\u00cfDORS\u201d:<\/p>\n<p>La meva denominaci\u00f3 social \u00e9s: C\u00c0MPING ERA YERLA, SCP .<br \/>\nEl meu CIF \u00e9s J-25345372El meu domicili social es troba a CARRETERA CUMARCAL C28 VIELHA &#8211; BAQUEIRA, 25599 Arties .<br \/>\nEmail: info@campingartieserayerla.comLa meva activitat social \u00e9s: Camping .<\/p>\n<p>Tot aix\u00f2 degudament inscrit davant de l&#8217;ag\u00e8ncia Espanyola de Protecci\u00f3 de Dades i respecte del que CAMPING ERA YERLA, SCP garanteix que s&#8217;han aplicat les mesures de seguretat tant organitzatives com a t\u00e8cniques requerides pel RGPD.<\/p>\n<p>Aquesta Pol\u00edtica de Privadesa ser\u00e0 v\u00e0lida \u00fanicament per a les dades de car\u00e0cter personal obtingudes al Lloc Web, no sent aplicable per a aquella informaci\u00f3 recaptada per tercers en altres p\u00e0gines web, fins i tot si aquestes es troben enlla\u00e7ades pel Lloc Web.<\/p>\n<p>Amb aix\u00f2 manifesto el meu comprom\u00eds per mantenir i garantir les relacions comercials de forma seguretat mitjan\u00e7ant la protecci\u00f3 de les dades personals i garantint el dret a la privadesa de cadascun dels usuaris del nostre lloc web.<\/p>\n<ol>\n<li><strong>QU\u00c8 S\u00d3N LES DADES PERSONALS?<\/strong><\/li>\n<\/ol>\n<p>Una petita aproximaci\u00f3 \u00e9s important, per aix\u00f2, has de saber que seria qualsevol informaci\u00f3 relativa a una persona que ens facilita quan visita el nostre lloc web, en el nostre cas nom i e-mail, i si compra algun producte necessitant factura, sol\u00b7licitarem Domicili complet, nom, cognoms i DNI o CIF.<\/p>\n<p>Addicionalment, quan visites el nostre lloc web, determinada informaci\u00f3 s&#8217;emmagatzema autom\u00e0ticament per motius t\u00e8cnics com l&#8217;adre\u00e7a IP assignada pel prove\u00efdor d&#8217;acc\u00e9s a Internet.<\/p>\n<ol>\n<li><strong>FINALITAT, LEGITIMACI\u00d3, CATEGORIA DE LES DADES RECABADES, CONSENTIMENT AL TRACTAMENT, MENORS D&#8217;EDAT.<\/strong><\/li>\n<\/ol>\n<p><strong>2.1 FINALITAT<\/strong><\/p>\n<p>Tal com es recull a la normativa, s&#8217;informa a l&#8217;USUARI que, a trav\u00e9s dels formularis de contacte, o subscripcions es recapten dades, les quals s&#8217;emmagatzemen en un fitxer, amb la finalitat exclusiva d&#8217;enviament de comunicacions electr\u00f2niques, com ara: butlletins ( newsletters ), noves entrades ( posts ), ofertes comercials, webinars gratu\u00efts, aix\u00ed com altres comunicacions que CAMPING ERA YERLA, SCP ent\u00e9n interessants per als seus USUARIS. Els camps marcats com d&#8217;emplenament obligatori s\u00f3n imprescindibles per realitzar la finalitat expressada.<\/p>\n<p>Aix\u00ed mateix, podr\u00e0 donar compliment mitjan\u00e7ant les dades als requeriments sol\u00b7licitats pels USUARIS.<\/p>\n<p>En definitiva la FINALITAT \u00e9s la seg\u00fcent:<\/p>\n<p>\u00danicament el titular tindr\u00e0 acc\u00e9s a les seves dades, i sota cap concepte, aquestes dades seran cedides, compartides, transferides, ni venuts a cap tercer.<\/p>\n<p>L&#8217;acceptaci\u00f3 de la pol\u00edtica de privadesa, mitjan\u00e7ant el procediment establert de dol opt -in, s&#8217;entendr\u00e0 amb car\u00e0cter general com la prestaci\u00f3 de CONSENTIMENT EXPR\u00c9S I INEQU\u00cdVOC de l&#8217;USUARI al tractament de les dades de car\u00e0cter personal en els termes que s&#8217;exposen en aquest document, aix\u00ed com a la transfer\u00e8ncia internacional de dades que es produeix , exclusivament a causa de la ubicaci\u00f3 f\u00edsica de les instal\u00b7lacions dels prove\u00efdors de serveis i encarregats del tractament de dades.<\/p>\n<p>En cap cas es realitzar\u00e0 un \u00fas diferent que la finalitat per als que han estat demanades les dades ni molts menys cedir\u00e9 a un tercer aquestes dades.<\/p>\n<p><strong>2.2 MENORS D&#8217;EDAT<\/strong><\/p>\n<p>En cas de ser major de tretze anys, podr\u00e0s registrar-te a https:\/\/campingartieserayerla.com\/ sense necessitat del consentiment previ dels teus pares o tutors.<\/p>\n<p>Qu\u00e8 passa en el cas que siguis menor de 14 anys?<\/p>\n<p>En aquest sup\u00f2sit, ser\u00e0 condici\u00f3 obligat\u00f2ria el consentiment dels teus pares o tutors perqu\u00e8 puguem tractar les dades personals<\/p>\n<p>Advert\u00e8ncia: Si tens menys de catorze anys i no has obtingut el consentiment dels teus pares, no pots registrar-te a la web per la qual cosa procedirem a denegar la seva sol\u00b7licitud en cas de tenir-ne const\u00e0ncia.<\/p>\n<p><strong>2.3 LEGITIMACI\u00d3<\/strong><\/p>\n<p>Gr\u00e0cies al consentiment, podem tractar les teves dades essent requisit obligatori per poder subscriure&#8217;t a la p\u00e0gina web.<\/p>\n<p>Com b\u00e9 saps, pots retirar el teu consentiment en el moment que vulguis.<\/p>\n<p><strong>2.4 CATEGORIA DE LES DADES<\/strong><\/p>\n<p>Les dades recollides en cap moment s\u00f3n especialment protegides, sin\u00f3 que es troben categoritzades com a dades identificatives.<\/p>\n<p><strong>2.5 TEMPS DE CONSERVACI\u00d3 DE LES DADES<\/strong><\/p>\n<p>Conservar\u00e9 les teves dades durant el temps legalment establert o fins que sol\u00b7licitis eliminar-les.<\/p>\n<p><strong>2.6 EXACTITUD I VERACITAT DE LES DADES<\/strong><\/p>\n<p>\u00d2bviament ets l&#8217;\u00fanic responsable de la veracitat i exactitud de les dades que em remetis eximint-me de qualsevol tipus de responsabilitat sobre aix\u00f2.<\/p>\n<p>Com a usuari, has de garantir l&#8217;exactitud i l&#8217;autenticitat de les dades personals facilitades havent d&#8217;aportar la informaci\u00f3 completa i correcta als diferents formularis de captaci\u00f3 de dades.<\/p>\n<ol>\n<li><strong>COMPLIMENT DE LA NORMATIVA D&#8217;APLICACI\u00d3.-<\/strong><\/li>\n<\/ol>\n<p>C\u00c0MPING ERA YERLA, SCP fins avui compleix amb les directrius de la Llei Org\u00e0nica 15\/1999 de 13 de desembre de Protecci\u00f3 de Dades de Car\u00e0cter Personal, el Reial Decret 1720\/2007 de 21 de desembre pel qual s&#8217;aprova el Reglament de desenvolupament d&#8217;aquesta Llei org\u00e0nica i la resta de normativa vigent i d&#8217;aplicaci\u00f3 en cada moment, vetllant per garantir un \u00fas i tractament correctes de les dades personals de l&#8217;usuari.<\/p>\n<p>A partir del maig del 2018, ens regirem per la normativa que entrar\u00e0 en aplicaci\u00f3, sent el Reglament General sobre Protecci\u00f3 de Dades (RGPD) de la Uni\u00f3 Europea.<\/p>\n<p>Aix\u00ed mateix, CAMPING ERA YERLA, SCP informa que d\u00f3na compliment a la Llei 34\/2002 de 11 de juliol, de Serveis de la Societat de la Informaci\u00f3 i el Comer\u00e7 Electr\u00f2nic i us sol\u00b7licitar\u00e0 el vostre consentiment a l&#8217;USUARI per al tractament del vostre correu electr\u00f2nic amb finalitats comercials a cada moment.<\/p>\n<p>En compliment del que estableix la normativa, us informem que les dades subministrades, aix\u00ed com les dades derivades de la vostra navegaci\u00f3, podran ser emmagatzemades als fitxers de CAMPING ERA YERLA, SCP i tractats per a la finalitat d&#8217;atendre la vostra sol\u00b7licitud i el manteniment de la relaci\u00f3 que s&#8217;estableixi als formularis que subscrigui.<\/p>\n<p>Addicionalment, l&#8217;USUARI consenteix el tractament de les seves dades amb la finalitat d&#8217;informar-los, per qualsevol mitj\u00e0, incl\u00f2s el correu electr\u00f2nic, de productes i serveis de CAMPING ERA YERLA, SCP<\/p>\n<p>En cas de no autoritzar el tractament de les vostres dades amb la finalitat assenyalada anteriorment, l&#8217;USUARI podr\u00e0 exercir el seu dret d&#8217;oposici\u00f3 al tractament de les seves dades en els termes i condicions previstos m\u00e9s endavant a l&#8217;apartat \u201cExercici de Drets\u201d<\/p>\n<ol>\n<li><strong>MESURES DE SEGURETAT.<\/strong><\/li>\n<\/ol>\n<p>CAMPING ERA YERLA, SCP us informa que teniu implantades les mesures de seguretat d&#8217;\u00edndole t\u00e8cnica i organitzatives necess\u00e0ries per garantir la seguretat de les vostres dades de car\u00e0cter personal i evitar la vostra alteraci\u00f3, p\u00e8rdua i tractament i\/o acc\u00e9s no autoritzat, tenint en compte l&#8217;estat de la tecnologia, la naturalesa de les dades emmagatzemades i els riscos a qu\u00e8 estan exposats, ja provinguin de l&#8217;acci\u00f3 humana o del medi f\u00edsic o natural. Tot aix\u00f2 de conformitat amb el que preveu el RGPD.<\/p>\n<p>Aix\u00ed mateix, CAMPING ERA YERLA, SCP ha establert mesures addicionals amb vista a refor\u00e7ar la confidencialitat i integritat de la informaci\u00f3 a la seva organitzaci\u00f3. Mantenint cont\u00ednuament la supervisi\u00f3, control i avaluaci\u00f3 dels processos per assegurar el respecte a la privadesa de les dades.<\/p>\n<ol>\n<li><strong>EXERCICI DE DRETS<\/strong><\/li>\n<\/ol>\n<p>Aquelles persones f\u00edsiques que hagin facilitat les seves dades a trav\u00e9s d&#8217;https : \/\/campingartieserayerla.com\/, podran adre\u00e7ar-se al titular de la mateixa per tal de poder exercitar gratu\u00eftament els seus drets d&#8217;acc\u00e9s a les seves dades, rectificaci\u00f3 o supressi\u00f3, limitaci\u00f3 i oposici\u00f3 respecte de les dades incorporades als seus fitxers.<\/p>\n<p>El m\u00e8tode m\u00e9s r\u00e0pid i senzill seria accedint directament al teu compte d&#8217;usuari i modificar les teves dades o esborrar el teu compte d&#8217;usuari. Qualsevol informaci\u00f3 que necessitem emmagatzemar, en virtut d&#8217;una obligaci\u00f3 legal o contractual, ser\u00e0 bloquejada i nom\u00e9s utilitzada per a aquests fins en comptes de ser esborrada.<\/p>\n<p>L&#8217;interessat podr\u00e0 exercitar els seus drets mitjan\u00e7ant comunicaci\u00f3 per escrit adre\u00e7ada a CAMPING ERA YERLA, SCP amb la refer\u00e8ncia \u201cProtecci\u00f3 de dades\u201d, especificant les seves dades, acreditant la seva identitat i els motius de la seva sol\u00b7licitud a la seg\u00fcent adre\u00e7a:<\/p>\n<p>C\u00c0MPING ERA YERLA, SCP ,<br \/>\nCARRETERA CUMARCAL C28 VIELHA \u2013 BAQUEIRA<\/p>\n<p>25530 Arties &#8211; Lleida.<\/p>\n<p>Tamb\u00e9 podreu exercitar els drets, a trav\u00e9s del correu electr\u00f2nic: info@campingartieserayerla.com<\/p>\n<ol>\n<li><strong>LINKS O ENLLA\u00c7OS EXTERNS<\/strong><\/li>\n<\/ol>\n<p>Com un servei als nostres visitants, el nostre lloc web pot incloure hiperenlla\u00e7os a altres llocs que no s\u00f3n operats o controlats pel Lloc Web. Per aix\u00f2 https:\/\/campingartieserayerla.com\/ no garanteix, ni es fa responsable de la licitud, fiabilitat, utilitat, veracitat i actualitat dels continguts d&#8217;aquests llocs web o de les seves pr\u00e0ctiques de privadesa. Si us plau, abans de proporcionar la vostra informaci\u00f3 personal a aquests llocs web aliens a https:\/\/campingartieserayerla.com\/ , tingueu en compte que les seves pr\u00e0ctiques de privadesa poden diferir de les nostres.<\/p>\n<p>L&#8217;\u00fanic objecte dels enlla\u00e7os \u00e9s proporcionar a l&#8217;Usuari la possibilitat d&#8217;accedir a aquests enlla\u00e7os i con\u00e8ixer la nostra feina, encara que vcgs.net no ofereix ni comercialitza per si ni per mitj\u00e0 de tercers la informaci\u00f3, continguts i serveis disponibles als llocs enlla\u00e7ats, ni aprova, supervisa o controla de cap manera els continguts i serveis i qualsevol material de qualsevol naturalesa existent en aquests. https:\/\/campingartieserayerla.com\/ no es responsabilitza en cap cas dels resultats que puguin derivar-se a l&#8217;Usuari per acc\u00e9s a aquests enlla\u00e7os.<\/p>\n<ol>\n<li><strong>MODIFICACI\u00d3 DE LA POL\u00cdTICA DE PRIVACITAT<\/strong><\/li>\n<\/ol>\n<p>CAMPING ERA YERLA, SCP es reserva el dret a modificar la seva Pol\u00edtica de Privadesa, d&#8217;acord amb el seu propi criteri, motivat per un canvi legislatiu, jurisprudencial o doctrinal de l&#8217;Ag\u00e8ncia Espanyola de Protecci\u00f3 de Dades.<\/p>\n<p>Qualsevol modificaci\u00f3 de la Pol\u00edtica de Privadesa ser\u00e0 publicada almenys deu dies abans de la seva efectiva aplicaci\u00f3. L&#8217;\u00fas de C\u00c0MPING ERA YERLA, SCP despr\u00e9s dels canvis esmentats, implicar\u00e0 l&#8217;acceptaci\u00f3 dels mateixos.<\/p>\n<ol>\n<li><strong>RESPONSABLE DEL FITXER, I ENCARREGATS DEL TRACTAMENT.<\/strong><\/li>\n<\/ol>\n<p>El responsable del fitxer de dades \u00e9s Camping Era yerla , SCP<\/p>\n<p>Com a encarregats de tractament aliens a l&#8217;esmentat responsable:<\/p>\n<p>Camping era Yerla , SCP ha contractat els serveis de Hosting a Ionos. ( en endavant, Ionos), amb CIF B-per consultar i inscrita al Registre Mercantil de Madrid, al Tomo per consultar. El domicili social \u00e9s a Lleida CARRETERA CUMARCAL C28 VIELHA &#8211; BAQUEIRA, 25599 Arties , m\u00e9s informaci\u00f3 a https:\/\/www.ovh.es\/soporte\/documentos_legales\/Aviso_legal.pdf<\/p>\n<p>Els serveis de subscripci\u00f3 per correu electr\u00f2nic i enviament de newsletters a la companyia MailChimp (Identificada per la marca comercial \u201c MailChimp \u201d) podent consultar la seva pol\u00edtica de privadesa a https:\/\/mailchimp.com\/legal\/<\/p>\n<ol>\n<li><strong>SERVEIS OFERTS PER TERCERS EN AQUESTA WEB.<\/strong><\/li>\n<\/ol>\n<p>Per prestar serveis estrictament necessaris per al desenvolupament de la meva activitat, https:\/\/campingartieserayerla.com\/ utilitza els prestadors seg\u00fcents sota les seves corresponents condicions de privadesa.<\/p>\n<p>Hosting: IONOS<br \/>\nPlataforma web: WordPress.OrgServeis de Missatgeria i enviament de butlletins: MailChimp<br \/>\nPlataforma de pagament: Woocomerce<br \/>\nMitjans de pagament: Visa i Paypal<br \/>\nPrivadesa de fonts de tra\u00e7a utilitzades en aquest lloc: Google ( Analytics )<\/p>\n<p>A https:\/\/campingartieserayerla.com\/ tamb\u00e9 s&#8217;estudien les prefer\u00e8ncies dels usuaris, les caracter\u00edstiques demogr\u00e0fiques, els patrons de tr\u00e0nsit, i una altra informaci\u00f3 en conjunt per comprendre millor qui constitueix la nostra audi\u00e8ncia i qu\u00e8 \u00e9s el que necessita. El rastreig de les prefer\u00e8ncies dels nostres usuaris tamb\u00e9 ens ajuda a mostrar-vos els avisos publicitaris m\u00e9s rellevants.<\/p>\n<p>L&#8217;usuari i, en general, qualsevol persona f\u00edsica o jur\u00eddica, podr\u00e0 establir un hiperenlla\u00e7 o dispositiu t\u00e8cnic d&#8217;enlla\u00e7 (per exemple, links o botons) des del seu lloc web a https:\/\/campingartieserayerla.com\/ (Hiperenlla\u00e7). L&#8217;establiment de l&#8217;Hiperenlla\u00e7 no implica en cap cas l&#8217;exist\u00e8ncia de relacions entre https:\/\/campingartieserayerla.com\/ i el propietari del lloc o de la p\u00e0gina web on s&#8217;estableixi l&#8217;Hiperenlla\u00e7, ni l&#8217;acceptaci\u00f3 o aprovaci\u00f3 per part de https: \/\/campingartieserayerla.com\/ dels seus continguts o serveis. En tot cas, https:\/\/campingartieserayerla.com\/ es reserva el dret de prohibir o inutilitzar en qualsevol moment qualsevol Hiperenlla\u00e7 al Lloc Web.<\/p>\n<ol>\n<li><strong>NO DESESSES REBRE INFORACI\u00d3 DE NOSALTRES O DESITGES REVOCAR EL TEU CONSENTIMENT?<\/strong><\/li>\n<\/ol>\n<p>De conformitat amb el que disposa la Llei 34\/20023, d&#8217;11 de juny de Serveis de la Societat de la Informaci\u00f3 i del Comer\u00e7 Electr\u00f2nic, pots oposar-te a l&#8217;\u00fas de la seva informaci\u00f3 per a fins publicitaris, investigacions de mercat o desenvolupament d&#8217;enquestes de satisfacci\u00f3 en qualsevol moment, aix\u00ed com revocar el teu consentiment en qualsevol moment (sense efecte retroactiu).<\/p>\n<p>Per fer-ho, haur\u00e0s d&#8217;enviar un correu electr\u00f2nic a l&#8217;adre\u00e7a info@campingartieserayerla.com. Si has rebut publicitat per correu electr\u00f2nic, tamb\u00e9 podr\u00e0s oposar-te des d&#8217;aquest correu electr\u00f2nic, clicant a l&#8217;enlla\u00e7 incl\u00f2s al mateix seguint les instruccions que et siguin facilitades. Una altra manera m\u00e9s senzilla seria accedir al compte d&#8217;usuari i seleccionar les opcions corresponents.<\/p>\n<p>Si us plau, tingues en compte que els nostres sistemes poden requerir un lapse de temps que en cap cas no superar\u00e0 48 hores perqu\u00e8 la teva oposici\u00f3 o revocaci\u00f3 es facin efectives, entenent-se que durant aquest per\u00edode de temps pots continuar rebent missatges.<\/p>\n<p>En relaci\u00f3 amb la gesti\u00f3 de les teves dades associades als perfils socials de MI Camping Era yerla , SCP , l&#8217;exercici del dret d&#8217;acc\u00e9s, dependr\u00e0 de la funcionalitat de la xarxa social i les possibilitats d&#8217;acc\u00e9s a la informaci\u00f3 dels perfils dels usuaris . Amb relaci\u00f3 als drets d&#8217;acc\u00e9s i rectificaci\u00f3, us recomanem que nom\u00e9s podreu satisfer-vos en relaci\u00f3 amb aquella informaci\u00f3 que es trobe sota el control de CAMPING ERA YERLA, SCP .<\/p>\n<p>A m\u00e9s, podr\u00e0 deixar d&#8217;interactuar, seguir o rebre informaci\u00f3 dels perfils socials de CAMPING ERA YERLA, SCP, eliminar els continguts que deixin d&#8217;interessar-te o restringir amb qui comparteix les seves connexions, mitjan\u00e7ant els mecanismes estipulats a les diferents xarxes socials.<\/p>\n<p>L&#8217;usuari podr\u00e0 accedir a les pol\u00edtiques de privadesa de cada Xarxa Social, aix\u00ed com configurar el seu perfil per garantir la seva privadesa. C\u00c0MPING ERA YERLA, SCP anima els usuaris a familiaritzar-se amb les condicions d&#8217;\u00fas de les diferents xarxes socials abans de comen\u00e7ar a fer-les servir.<\/p>\n<p>Facebook: https:\/\/www.facebook.com\/help\/323540651073243\/<br \/>\nYoutube : http:\/\/www.google.es\/intl\/es\/policies\/privacy\/<br \/>\nTwitter: https:\/\/twitter.com\/privacy<\/p>\n<ol>\n<li><strong>SISTEMES DE CAPTURA DE DADES PERSONALS I LA SEVA FINALITAT<\/strong><\/li>\n<\/ol>\n<p>1) Formularis de subscripci\u00f3 a continguts: dins del web hi ha diversos formularis per activar la subscripci\u00f3 gestionada per Getresponse amb la finalitat d&#8217;enviar campanyes de m\u00e0rqueting per correu electr\u00f2nic, gesti\u00f3 de subscripcions i enviament de butlletins o not\u00edcies.<\/p>\n<p>2) Formulari de comentaris: La web inclou un formulari la finalitat del qual \u00e9s comentar els articles i donar la seva opini\u00f3 respectant la llibertat d&#8217;expressi\u00f3. L&#8217;usuari podr\u00e0 publicar comentaris als post que es publiquin. Les dades personals introdu\u00efdes al formulari per inserir aquests comentaris seran utilitzades exclusivament per moderar-les i publicar-les, demanant igualment aquestes dades que s&#8217;emmagatzemaran als servidors de Webempresa .<\/p>\n<p>3) Formulari de contacte: Hi ha un formulari de contacte la finalitat del qual \u00e9s la resposta de consultes, suggeriments o contacte professional. En aquest cas s&#8217;utilitzar\u00e0 l&#8217;adre\u00e7a de correu electr\u00f2nic per respondre-hi i enviar la informaci\u00f3 que l&#8217;usuari requereixi a trav\u00e9s del web, aquestes dades s&#8217;emmagatzemaran als servidors de Webempresa i Getresponse .<\/p>\n<p>4) Galetes: Quan l&#8217;usuari es registra o navega en aquesta web, s&#8217;emmagatzemen galetes, l&#8217;usuari pot consultar en qualsevol moment la pol\u00edtica de galetes per ampliar informaci\u00f3 sobre l&#8217;\u00fas de galetes i com desactivar-les.<\/p>\n<p>5) Venda d&#8217;infopoductes: A trav\u00e9s de la p\u00e0gina web, es poden adquirir infoproductes , en aquest cas, es requereixen dades del comprador (Nom, cognom, adre\u00e7a, e-mail, n\u00famero d&#8217;identificaci\u00f3 fiscal (NIF\/VAT\/IVA), pa\u00eds) mitjan\u00e7ant la plataforma Woocommerce .<\/p>\n<p>6) Els usuaris es poden donar de baixa en qualsevol moment dels serveis prestats per https:\/\/campingartieserayerla.com\/ des de la mateixa Newsletter a trav\u00e9s d&#8217;un formulari de cancel\u00b7laci\u00f3.<\/p>\n<p>7) Sistemes de rastreig utilitzades en aquest lloc: Google ( Analytics i Tag Manager), a https:\/\/campingartieserayerla.com\/ tamb\u00e9 s&#8217;estudien les prefer\u00e8ncies dels usuaris, les caracter\u00edstiques demogr\u00e0fiques, els patrons de tr\u00e0nsit i una altra informaci\u00f3 en conjunt per comprendre millor qui constitueix la seva audi\u00e8ncia i qu\u00e8 \u00e9s el que aquesta necessita. Podeu con\u00e8ixer la pol\u00edtica de privadesa general dels serveis de Google <u><a href=\"https:\/\/policies.google.com\/privacy?hl=es\">aqu\u00ed. <\/a><\/u>Addicionalment, podeu con\u00e8ixer com utilitza Google la informaci\u00f3 de llocs web o aplicacions que utilitzen els seus serveis <u><a href=\"https:\/\/policies.google.com\/technologies\/partner-sites?hl=es\">aqu\u00ed.<\/a><\/u><\/p>\n<p>El rastreig de les prefer\u00e8ncies dels nostres usuaris tamb\u00e9 ens ajuda a mostrar-vos els avisos publicitaris m\u00e9s rellevants, per mitj\u00e0 de l&#8217;\u00fas del producte de Google, Google Adwords . D&#8217;acord amb la pol\u00edtica de privadesa de Google, no recol\u00b7lecten dades personals. No obstant aix\u00f2, si no voleu que s&#8217;utilitzi les eines de rem\u00e0rqueting de Google, podeu desactivar aquesta opci\u00f3 modificant les configuracions adequades aqu\u00ed: https:\/\/adssettings.google.com\/<\/p>\n<p>M\u00e9s informaci\u00f3 de com utilitza Google les galetes en publicitat: https:\/\/policies.google.com\/technologies\/ads?hl=ca<\/p>\n<p>Aix\u00ed mateix, m&#8217;agradaria informar-te que per a la captaci\u00f3 de subscriptors i clients utilitzo Facebook Ads pel que en generar un anunci, es pot segmentar el p\u00fablic pel lloc, dades demogr\u00e0fiques, interessos, etc pel que les dades obtingudes per aquesta plataforma, estarien subjectes a aquesta pol\u00edtica de privadesa des del moment en qu\u00e8 l&#8217;usuari accepta la pol\u00edtica de cookies i privadesa.<\/p>\n<p>Finalment, m&#8217;agradaria informar-te que per brindar una millor experi\u00e8ncia a la meva llista de subscriptors i clients va utilitzar sistemes de rastreig de MailChimp ( <a href=\"https:\/\/mailchimp.com\/es\/help\/about-the-general-data-protection-regulation\/\">veure la seva pol\u00edtica de privadesa) <\/a>pel que les dades obtingudes per aquesta plataforma, estarien subjectes a aquesta pol\u00edtica de privadesa des del moment en qu\u00e8 l&#8217;usuari deixa les dades per unir-se al butllet\u00ed de la meva comunitat.<\/p>\n<p>No compartir\u00e9, vendre, llogar la teva informaci\u00f3 personal amb altres parts. Puc compartir certa informaci\u00f3 amb els prove\u00efdors de serveis de tercers autoritzats necessaris per prestar alguns serveis.<\/p>\n<ol>\n<li><strong>PLUGINS SOCIALS.<\/strong><\/li>\n<\/ol>\n<p>A la nostra p\u00e0gina web t&#8217;oferim enlla\u00e7os i serveis relacionats amb les diferents xarxes socials ( p.ex \u201cM&#8217;agrada\u201d de Facebook). Si sou membre d&#8217;una xarxa social i feu clic sobre el corresponent enlla\u00e7, el prove\u00efdor de la xarxa social podr\u00e0 enlla\u00e7ar les vostres dades de perfil amb la informaci\u00f3 i la vostra visita a aquesta p\u00e0gina web.<\/p>\n<p>Per tant, \u00e9s convenient informar-te sobre les funcions i pol\u00edtiques sobre el tractament de dades personals de la respectiva xarxa social, si accedeixes a una de les nostres p\u00e0gines web amb algun dels teus perfils a xarxes socials o comparteixes informaci\u00f3 a trav\u00e9s d&#8217;ells.<\/p>\n<p>Pots accedir en tot moment a les pol\u00edtiques de privadesa de les diferents xarxes socials, aix\u00ed com configurar el teu perfil per garantir la seva privadesa. Us animem a familiaritzar-vos amb les condicions d&#8217;\u00fas de les xarxes socials abans de comen\u00e7ar a fer-les servir:<\/p>\n<p>Facebook: https:\/\/www.facebook.com\/help\/323540651073243\/<br \/>\nYoutube : http:\/\/www.google.es\/intl\/es\/policies\/privacy\/<br \/>\nTwitter: https:\/\/twitter.com\/privacy<\/p>\n<ol>\n<li><strong>ACCEPTACI\u00d3, CONSENTIMENT I REVOCABILITAT<\/strong><\/li>\n<\/ol>\n<p>L&#8217;Usuari declara haver estat informat de les condicions sobre protecci\u00f3 de dades de car\u00e0cter personal, acceptant i consentint-ne el tractament per part de CAMPING ERA YERLA, SCP en la forma i per a les finalitats indicades a l&#8217;av\u00eds legal.<\/p>\n<p>Com sabeu i us hem comunicat al llarg de les presents pol\u00edtiques de privadesa, en qualsevol moment podreu revocar les vostres dades, per\u00f2 sempre sense car\u00e0cter retroactiu.<\/p>\n<ol>\n<li><strong>CANVIS A LA PRESENT POL\u00cdTICA DE PRIVACITAT <\/strong>C\u00c0MPING ERA YERLA, SCP es reserva el dret a modificar aquesta pol\u00edtica per adaptar-la a novetats legislatives o jurisprudencials aix\u00ed com a pr\u00e0ctiques de la ind\u00fastria. En aquests sup\u00f2sits, el prestador anunciar\u00e0 en aquesta p\u00e0gina els canvis introdu\u00efts amb una antelaci\u00f3 raonable a la seva posada en pr\u00e0ctica.<\/li>\n<\/ol>\n<p>&nbsp;<\/p>\n","protected":false},"excerpt":{"rendered":"<p>Agraeixo que estiguis en aquesta p\u00e0gina, aix\u00f2 significa que les teves dades t&#8217;importen, i vols con\u00e8ixer-ne el dest\u00ed i qui les recull. POL\u00cdTICA DE PRIVACITAT De conformitat amb el que disposa el Reglament General (UE) Sobre Protecci\u00f3 de Dades, mitjan\u00e7ant l&#8217;acceptaci\u00f3 de la present Pol\u00edtica de Privadesa prestas el teu consentiment informat, expr\u00e9s, lliure i [&hellip;]<\/p>\n","protected":false},"author":1,"featured_media":0,"parent":0,"menu_order":0,"comment_status":"closed","ping_status":"closed","template":"","meta":{"footnotes":""},"class_list":["post-1262","page","type-page","status-publish","hentry"],"_links":{"self":[{"href":"https:\/\/campingartieserayerla.com\/ca\/wp-json\/wp\/v2\/pages\/1262","targetHints":{"allow":["GET"]}}],"collection":[{"href":"https:\/\/campingartieserayerla.com\/ca\/wp-json\/wp\/v2\/pages"}],"about":[{"href":"https:\/\/campingartieserayerla.com\/ca\/wp-json\/wp\/v2\/types\/page"}],"author":[{"embeddable":true,"href":"https:\/\/campingartieserayerla.com\/ca\/wp-json\/wp\/v2\/users\/1"}],"replies":[{"embeddable":true,"href":"https:\/\/campingartieserayerla.com\/ca\/wp-json\/wp\/v2\/comments?post=1262"}],"version-history":[{"count":5,"href":"https:\/\/campingartieserayerla.com\/ca\/wp-json\/wp\/v2\/pages\/1262\/revisions"}],"predecessor-version":[{"id":1277,"href":"https:\/\/campingartieserayerla.com\/ca\/wp-json\/wp\/v2\/pages\/1262\/revisions\/1277"}],"wp:attachment":[{"href":"https:\/\/campingartieserayerla.com\/ca\/wp-json\/wp\/v2\/media?parent=1262"}],"curies":[{"name":"wp","href":"https:\/\/api.w.org\/{rel}","templated":true}]}}